{"id":10466,"date":"2021-04-14T19:58:29","date_gmt":"2021-04-14T17:58:29","guid":{"rendered":"https:\/\/www.celum.com\/de\/?page_id=10466"},"modified":"2021-04-14T19:59:16","modified_gmt":"2021-04-14T17:59:16","slug":"danke-event-anfrage","status":"publish","type":"page","link":"https:\/\/www.celum.com\/de\/danke-event-anfrage\/","title":{"rendered":"Danke &#8211; Event-Anfrage"},"content":{"rendered":"\t\t<div data-elementor-type=\"wp-page\" data-elementor-id=\"10466\" class=\"elementor elementor-10466\" data-elementor-post-type=\"page\">\n\t\t\t\t\t\t<section class=\"elementor-section elementor-top-section elementor-element elementor-element-5c9d1cee elementor-section-boxed elementor-section-height-default elementor-section-height-default\" data-id=\"5c9d1cee\" data-element_type=\"section\" data-e-type=\"section\">\n\t\t\t\t\t\t<div class=\"elementor-container elementor-column-gap-default\">\n\t\t\t\t\t<div class=\"elementor-column elementor-col-100 elementor-top-column elementor-element elementor-element-6cc0de09\" data-id=\"6cc0de09\" data-element_type=\"column\" data-e-type=\"column\">\n\t\t\t<div class=\"elementor-widget-wrap elementor-element-populated\">\n\t\t\t\t\t\t<div class=\"elementor-element elementor-element-7b09c0 elementor-widget elementor-widget-heading\" data-id=\"7b09c0\" data-element_type=\"widget\" data-e-type=\"widget\" data-widget_type=\"heading.default\">\n\t\t\t\t<div class=\"elementor-widget-container\">\n\t\t\t\t\t<h2 class=\"elementor-heading-title elementor-size-default\">Vielen Dank f\u00fcr deine Registrierungsanfrage!<\/h2>\t\t\t\t<\/div>\n\t\t\t\t<\/div>\n\t\t\t\t\t<\/div>\n\t\t<\/div>\n\t\t\t\t\t<\/div>\n\t\t<\/section>\n\t\t\t\t<section class=\"elementor-section elementor-top-section elementor-element elementor-element-665a6c98 elementor-section-boxed elementor-section-height-default elementor-section-height-default\" data-id=\"665a6c98\" data-element_type=\"section\" data-e-type=\"section\">\n\t\t\t\t\t\t<div class=\"elementor-container elementor-column-gap-default\">\n\t\t\t\t\t<div class=\"elementor-column elementor-col-100 elementor-top-column elementor-element elementor-element-241fea6e\" data-id=\"241fea6e\" data-element_type=\"column\" data-e-type=\"column\">\n\t\t\t<div class=\"elementor-widget-wrap elementor-element-populated\">\n\t\t\t\t\t\t<div class=\"elementor-element elementor-element-198419cc elementor-widget elementor-widget-text-editor\" data-id=\"198419cc\" data-element_type=\"widget\" data-e-type=\"widget\" data-widget_type=\"text-editor.default\">\n\t\t\t\t<div class=\"elementor-widget-container\">\n\t\t\t\t\t\t\t\t\t<p>Deine Anmeldung f\u00fcr den Event wurde an den Veranstalter zur Freigabe weitergeleitet. Du wirst per E-Mail \u00fcber deinen Anmeldestatus informiert.<\/p>\t\t\t\t\t\t\t\t<\/div>\n\t\t\t\t<\/div>\n\t\t\t\t\t<\/div>\n\t\t<\/div>\n\t\t\t\t\t<\/div>\n\t\t<\/section>\n\t\t\t\t<section class=\"elementor-section elementor-top-section elementor-element elementor-element-4ccda8b5 elementor-section-boxed elementor-section-height-default elementor-section-height-default\" data-id=\"4ccda8b5\" data-element_type=\"section\" data-e-type=\"section\">\n\t\t\t\t\t\t<div class=\"elementor-container elementor-column-gap-default\">\n\t\t\t\t\t<div class=\"elementor-column elementor-col-33 elementor-top-column elementor-element elementor-element-3955543\" data-id=\"3955543\" data-element_type=\"column\" data-e-type=\"column\">\n\t\t\t<div class=\"elementor-widget-wrap\">\n\t\t\t\t\t\t\t<\/div>\n\t\t<\/div>\n\t\t\t\t<div class=\"elementor-column elementor-col-33 elementor-top-column elementor-element elementor-element-21d11b00\" data-id=\"21d11b00\" data-element_type=\"column\" data-e-type=\"column\">\n\t\t\t<div class=\"elementor-widget-wrap elementor-element-populated\">\n\t\t\t\t\t\t<div class=\"elementor-element elementor-element-2ed1ebc1 elementor-view-default elementor-widget elementor-widget-icon\" data-id=\"2ed1ebc1\" data-element_type=\"widget\" data-e-type=\"widget\" data-widget_type=\"icon.default\">\n\t\t\t\t<div class=\"elementor-widget-container\">\n\t\t\t\t\t\t\t<div class=\"elementor-icon-wrapper\">\n\t\t\t<div class=\"elementor-icon\">\n\t\t\t<svg xmlns=\"http:\/\/www.w3.org\/2000\/svg\" width=\"177\" height=\"188\" viewBox=\"0 0 177 188\"><g fill=\"none\" fill-rule=\"evenodd\" stroke-linecap=\"round\" stroke-linejoin=\"round\"><g fill=\"#FFF\" stroke-width=\"5\"><g transform=\"translate(-711 -590) translate(714 593)\"><path stroke=\"#01A9CA\" d=\"M90.114 1.712l80.883 70.16-.212.093h.254v103c0 3.314-2.687 6-6 6h-159c-3.314 0-6-2.686-6-6v-103h.077L0 71.91 80.94 1.712c2.633-2.283 6.542-2.283 9.174 0z\"><\/path><rect width=\"137\" height=\"112\" x=\"18.039\" y=\"20.965\" stroke=\"#005682\" rx=\"7\"><\/rect><path stroke=\"#01A9CA\" d=\"M89.465 103.557l81.429 55.407.145.001v17c0 3.314-2.687 6-6 6h-159c-3.314 0-6-2.686-6-6l-.001-16.873-.038-.018.038-.027v-.082H.16l81.43-55.408c2.376-1.617 5.5-1.617 7.875 0z\"><\/path><path stroke=\"#01A9CA\" d=\"M0 73.591c14.4-3.794 27.36-.948 38.88 8.538C50.4 91.615 61.44 101.1 72 110.587L0 158.965V73.591z\"><\/path><path stroke=\"#01A9CA\" d=\"M99 71.602c14.4-3.82 27.36-.955 38.88 8.593 11.52 9.547 22.56 19.57 33.12 30.071l-72 48.7V71.601z\" transform=\"matrix(-1 0 0 1 270 0)\"><\/path><circle cx=\"86.039\" cy=\"65.965\" r=\"19\" stroke=\"#005682\"><\/circle><path stroke=\"#005682\" d=\"M78.039 65.965L85.039 71.965 94.039 59.965\"><\/path><\/g><\/g><\/g><\/svg>\t\t\t<\/div>\n\t\t<\/div>\n\t\t\t\t\t\t<\/div>\n\t\t\t\t<\/div>\n\t\t\t\t\t<\/div>\n\t\t<\/div>\n\t\t\t\t<div class=\"elementor-column elementor-col-33 elementor-top-column elementor-element elementor-element-58582599\" data-id=\"58582599\" data-element_type=\"column\" data-e-type=\"column\">\n\t\t\t<div class=\"elementor-widget-wrap\">\n\t\t\t\t\t\t\t<\/div>\n\t\t<\/div>\n\t\t\t\t\t<\/div>\n\t\t<\/section>\n\t\t\t\t<section class=\"elementor-section elementor-top-section elementor-element elementor-element-1329763a elementor-section-boxed elementor-section-height-default elementor-section-height-default\" data-id=\"1329763a\" data-element_type=\"section\" data-e-type=\"section\" data-settings=\"{&quot;background_background&quot;:&quot;classic&quot;}\">\n\t\t\t\t\t\t<div class=\"elementor-container elementor-column-gap-default\">\n\t\t\t\t\t<div class=\"elementor-column elementor-col-100 elementor-top-column elementor-element elementor-element-483bccd3\" data-id=\"483bccd3\" data-element_type=\"column\" data-e-type=\"column\">\n\t\t\t<div class=\"elementor-widget-wrap elementor-element-populated\">\n\t\t\t\t\t\t<div class=\"elementor-element elementor-element-6fb6920f elementor-widget elementor-widget-text-editor\" data-id=\"6fb6920f\" data-element_type=\"widget\" data-e-type=\"widget\" data-widget_type=\"text-editor.default\">\n\t\t\t\t<div class=\"elementor-widget-container\">\n\t\t\t\t\t\t\t\t\t<h2>Entdecke, wie f\u00fchrende Marken <br > ihren Content managen<\/h2>\t\t\t\t\t\t\t\t<\/div>\n\t\t\t\t<\/div>\n\t\t\t\t<div class=\"elementor-element elementor-element-1e6ffae2 elementor-widget elementor-widget-li-widgets--dynamic-archive\" data-id=\"1e6ffae2\" data-element_type=\"widget\" data-e-type=\"widget\" data-widget_type=\"li-widgets--dynamic-archive.default\">\n\t\t\t\t<div class=\"elementor-widget-container\">\n\t\t\t\t\t                <div class=\"li-widgets--dynamic-archive li-widgets--dynamic-archive__grid \"\n             data-has-pagination=\"\"\n             data-page=\"0\">\n                                                <div class=\"li-widgets--dynamic-archive__post--grid  \">\n                        \t\t<div data-elementor-type=\"single-post\" data-elementor-id=\"274\" class=\"elementor elementor-274\" data-elementor-post-type=\"elementor_library\">\n\t\t\t\t\t<section class=\"elementor-section elementor-top-section elementor-element elementor-element-2fc0d07 elementor-section-height-min-height elementor-section-items-stretch exclude-from-toc elementor-section-boxed elementor-section-height-default\" data-id=\"2fc0d07\" data-element_type=\"section\" data-e-type=\"section\" data-settings=\"{&quot;background_background&quot;:&quot;classic&quot;}\">\n\t\t\t\t\t\t<div class=\"elementor-container elementor-column-gap-default\">\n\t\t\t\t\t<div class=\"make-column-clickable-elementor elementor-column elementor-col-100 elementor-top-column elementor-element elementor-element-df4147a\" style=\"cursor: pointer;\" data-column-clickable=\"https:\/\/www.celum.com\/de\/blog\/hochtief-success-story\/\" data-column-clickable-blank=\"_self\" data-id=\"df4147a\" data-element_type=\"column\" data-e-type=\"column\" data-settings=\"{&quot;background_background&quot;:&quot;classic&quot;}\">\n\t\t\t<div class=\"elementor-widget-wrap elementor-element-populated\">\n\t\t\t\t\t\t<div class=\"elementor-element elementor-element-de87d05 elementor-widget elementor-widget-theme-post-featured-image elementor-widget-image\" data-id=\"de87d05\" data-element_type=\"widget\" data-e-type=\"widget\" data-widget_type=\"theme-post-featured-image.default\">\n\t\t\t\t<div class=\"elementor-widget-container\">\n\t\t\t\t\t\t\t\t\t\t\t\t\t\t\t\t<a href=\"https:\/\/www.celum.com\/de\/blog\/hochtief-success-story\/\">\n\t\t\t\t\t\t\t<img fetchpriority=\"high\" decoding=\"async\" width=\"768\" height=\"451\" src=\"https:\/\/www.celum.com\/de\/wp-content\/uploads\/sites\/3\/2022\/03\/Hochtief-768x451.jpg\" class=\"attachment-medium_large size-medium_large wp-image-18184\" alt=\"Hochtief\" srcset=\"https:\/\/www.celum.com\/de\/wp-content\/uploads\/sites\/3\/2022\/03\/Hochtief-768x451.jpg 768w, https:\/\/www.celum.com\/de\/wp-content\/uploads\/sites\/3\/2022\/03\/Hochtief-300x176.jpg 300w, https:\/\/www.celum.com\/de\/wp-content\/uploads\/sites\/3\/2022\/03\/Hochtief-1024x601.jpg 1024w, https:\/\/www.celum.com\/de\/wp-content\/uploads\/sites\/3\/2022\/03\/Hochtief-1536x902.jpg 1536w, https:\/\/www.celum.com\/de\/wp-content\/uploads\/sites\/3\/2022\/03\/Hochtief.jpg 1546w\" sizes=\"(max-width: 768px) 100vw, 768px\" \/>\t\t\t\t\t\t\t\t<\/a>\n\t\t\t\t\t\t\t\t\t\t\t\t\t\t\t<\/div>\n\t\t\t\t<\/div>\n\t\t\t\t<div class=\"elementor-element elementor-element-7fc38a4 hover-effects--text searchable elementor-widget elementor-widget-heading\" data-id=\"7fc38a4\" data-element_type=\"widget\" data-e-type=\"widget\" data-widget_type=\"heading.default\">\n\t\t\t\t<div class=\"elementor-widget-container\">\n\t\t\t\t\t<div class=\"elementor-heading-title elementor-size-default\"><a href=\"https:\/\/www.celum.com\/de\/blog\/hochtief-success-story\/\">HOCHTIEF baut auf die benutzerfreundliche und intuitive CELUM L\u00f6sung<\/a><\/div>\t\t\t\t<\/div>\n\t\t\t\t<\/div>\n\t\t\t\t\t<\/div>\n\t\t<\/div>\n\t\t\t\t\t<\/div>\n\t\t<\/section>\n\t\t\t\t<\/div>\n\t\t                    <\/div>\n                                    <div class=\"li-widgets--dynamic-archive__post--grid  \">\n                        \t\t<div data-elementor-type=\"single-post\" data-elementor-id=\"274\" class=\"elementor elementor-274\" data-elementor-post-type=\"elementor_library\">\n\t\t\t\t\t<section class=\"elementor-section elementor-top-section elementor-element elementor-element-2fc0d07 elementor-section-height-min-height elementor-section-items-stretch exclude-from-toc elementor-section-boxed elementor-section-height-default\" data-id=\"2fc0d07\" data-element_type=\"section\" data-e-type=\"section\" data-settings=\"{&quot;background_background&quot;:&quot;classic&quot;}\">\n\t\t\t\t\t\t<div class=\"elementor-container elementor-column-gap-default\">\n\t\t\t\t\t<div class=\"make-column-clickable-elementor elementor-column elementor-col-100 elementor-top-column elementor-element elementor-element-df4147a\" style=\"cursor: pointer;\" data-column-clickable=\"https:\/\/www.celum.com\/de\/blog\/shop-apotheke-europe-erfolgsgeschichte\/\" data-column-clickable-blank=\"_self\" data-id=\"df4147a\" data-element_type=\"column\" data-e-type=\"column\" data-settings=\"{&quot;background_background&quot;:&quot;classic&quot;}\">\n\t\t\t<div class=\"elementor-widget-wrap elementor-element-populated\">\n\t\t\t\t\t\t<div class=\"elementor-element elementor-element-de87d05 elementor-widget elementor-widget-theme-post-featured-image elementor-widget-image\" data-id=\"de87d05\" data-element_type=\"widget\" data-e-type=\"widget\" data-widget_type=\"theme-post-featured-image.default\">\n\t\t\t\t<div class=\"elementor-widget-container\">\n\t\t\t\t\t\t\t\t\t\t\t\t\t\t\t\t<a href=\"https:\/\/www.celum.com\/de\/blog\/shop-apotheke-europe-erfolgsgeschichte\/\">\n\t\t\t\t\t\t\t<img decoding=\"async\" width=\"768\" height=\"476\" src=\"https:\/\/www.celum.com\/de\/wp-content\/uploads\/sites\/3\/2020\/06\/Shopapotheke-768x476.jpg?ver=1744791871\" class=\"attachment-medium_large size-medium_large wp-image-18186\" alt=\"Shopapotheke\" srcset=\"https:\/\/www.celum.com\/de\/wp-content\/uploads\/sites\/3\/2020\/06\/Shopapotheke-768x476.jpg 768w, https:\/\/www.celum.com\/de\/wp-content\/uploads\/sites\/3\/2020\/06\/Shopapotheke-300x186.jpg 300w, https:\/\/www.celum.com\/de\/wp-content\/uploads\/sites\/3\/2020\/06\/Shopapotheke-1024x635.jpg 1024w, https:\/\/www.celum.com\/de\/wp-content\/uploads\/sites\/3\/2020\/06\/Shopapotheke-1536x952.jpg 1536w, https:\/\/www.celum.com\/de\/wp-content\/uploads\/sites\/3\/2020\/06\/Shopapotheke.jpg 1920w\" sizes=\"(max-width: 768px) 100vw, 768px\" \/>\t\t\t\t\t\t\t\t<\/a>\n\t\t\t\t\t\t\t\t\t\t\t\t\t\t\t<\/div>\n\t\t\t\t<\/div>\n\t\t\t\t<div class=\"elementor-element elementor-element-7fc38a4 hover-effects--text searchable elementor-widget elementor-widget-heading\" data-id=\"7fc38a4\" data-element_type=\"widget\" data-e-type=\"widget\" data-widget_type=\"heading.default\">\n\t\t\t\t<div class=\"elementor-widget-container\">\n\t\t\t\t\t<div class=\"elementor-heading-title elementor-size-default\"><a href=\"https:\/\/www.celum.com\/de\/blog\/shop-apotheke-europe-erfolgsgeschichte\/\">Medizin f\u00fcrs Wachstum: Shop Apotheke vereint DAM und PIM<\/a><\/div>\t\t\t\t<\/div>\n\t\t\t\t<\/div>\n\t\t\t\t\t<\/div>\n\t\t<\/div>\n\t\t\t\t\t<\/div>\n\t\t<\/section>\n\t\t\t\t<\/div>\n\t\t                    <\/div>\n                                    <div class=\"li-widgets--dynamic-archive__post--grid  \">\n                        \t\t<div data-elementor-type=\"single-post\" data-elementor-id=\"274\" class=\"elementor elementor-274\" data-elementor-post-type=\"elementor_library\">\n\t\t\t\t\t<section class=\"elementor-section elementor-top-section elementor-element elementor-element-2fc0d07 elementor-section-height-min-height elementor-section-items-stretch exclude-from-toc elementor-section-boxed elementor-section-height-default\" data-id=\"2fc0d07\" data-element_type=\"section\" data-e-type=\"section\" data-settings=\"{&quot;background_background&quot;:&quot;classic&quot;}\">\n\t\t\t\t\t\t<div class=\"elementor-container elementor-column-gap-default\">\n\t\t\t\t\t<div class=\"make-column-clickable-elementor elementor-column elementor-col-100 elementor-top-column elementor-element elementor-element-df4147a\" style=\"cursor: pointer;\" data-column-clickable=\"https:\/\/www.celum.com\/de\/blog\/erfolgreiche-produkt-content-distribution-durch-einen-einheitlichen-ansatz\/\" data-column-clickable-blank=\"_self\" data-id=\"df4147a\" data-element_type=\"column\" data-e-type=\"column\" data-settings=\"{&quot;background_background&quot;:&quot;classic&quot;}\">\n\t\t\t<div class=\"elementor-widget-wrap elementor-element-populated\">\n\t\t\t\t\t\t<div class=\"elementor-element elementor-element-de87d05 elementor-widget elementor-widget-theme-post-featured-image elementor-widget-image\" data-id=\"de87d05\" data-element_type=\"widget\" data-e-type=\"widget\" data-widget_type=\"theme-post-featured-image.default\">\n\t\t\t\t<div class=\"elementor-widget-container\">\n\t\t\t\t\t\t\t\t\t\t\t\t\t\t\t\t<a href=\"https:\/\/www.celum.com\/de\/blog\/erfolgreiche-produkt-content-distribution-durch-einen-einheitlichen-ansatz\/\">\n\t\t\t\t\t\t\t<img decoding=\"async\" width=\"768\" height=\"432\" src=\"https:\/\/www.celum.com\/de\/wp-content\/uploads\/sites\/3\/2026\/03\/SolarPanelsInstalledInTheGreenForestCleanAlternativeEnergy-768x432.jpg\" class=\"attachment-medium_large size-medium_large wp-image-38196\" alt=\"\" srcset=\"https:\/\/www.celum.com\/de\/wp-content\/uploads\/sites\/3\/2026\/03\/SolarPanelsInstalledInTheGreenForestCleanAlternativeEnergy-768x432.jpg 768w, https:\/\/www.celum.com\/de\/wp-content\/uploads\/sites\/3\/2026\/03\/SolarPanelsInstalledInTheGreenForestCleanAlternativeEnergy-300x169.jpg 300w, https:\/\/www.celum.com\/de\/wp-content\/uploads\/sites\/3\/2026\/03\/SolarPanelsInstalledInTheGreenForestCleanAlternativeEnergy.jpg 1000w\" sizes=\"(max-width: 768px) 100vw, 768px\" \/>\t\t\t\t\t\t\t\t<\/a>\n\t\t\t\t\t\t\t\t\t\t\t\t\t\t\t<\/div>\n\t\t\t\t<\/div>\n\t\t\t\t<div class=\"elementor-element elementor-element-7fc38a4 hover-effects--text searchable elementor-widget elementor-widget-heading\" data-id=\"7fc38a4\" data-element_type=\"widget\" data-e-type=\"widget\" data-widget_type=\"heading.default\">\n\t\t\t\t<div class=\"elementor-widget-container\">\n\t\t\t\t\t<div class=\"elementor-heading-title elementor-size-default\"><a href=\"https:\/\/www.celum.com\/de\/blog\/erfolgreiche-produkt-content-distribution-durch-einen-einheitlichen-ansatz\/\">Erfolgreiche Produkt-Content\u2011Distribution durch einen einheitlichen Ansatz<\/a><\/div>\t\t\t\t<\/div>\n\t\t\t\t<\/div>\n\t\t\t\t\t<\/div>\n\t\t<\/div>\n\t\t\t\t\t<\/div>\n\t\t<\/section>\n\t\t\t\t<\/div>\n\t\t                    <\/div>\n                                    <\/div>\n\n        \n        \t\t\t\t<\/div>\n\t\t\t\t<\/div>\n\t\t\t\t\t<\/div>\n\t\t<\/div>\n\t\t\t\t\t<\/div>\n\t\t<\/section>\n\t\t\t\t<\/div>\n\t\t","protected":false},"excerpt":{"rendered":"<p>Vielen Dank f\u00fcr deine Registrierungsanfrage! Deine Anmeldung f\u00fcr den Event wurde an den Veranstalter zur Freigabe weitergeleitet. Du wirst per E-Mail \u00fcber deinen Anmeldestatus informiert. Entdecke, wie f\u00fchrende Marken ihren Content managen<\/p>\n","protected":false},"author":13,"featured_media":0,"parent":0,"menu_order":0,"comment_status":"closed","ping_status":"closed","template":"","meta":{"_acf_changed":false,"inline_featured_image":false,"footnotes":""},"folder":[149],"class_list":["post-10466","page","type-page","status-publish","hentry"],"yoast_head":"<!-- This site is optimized with the Yoast SEO Premium plugin v24.6 (Yoast SEO v27.2) - https:\/\/yoast.com\/product\/yoast-seo-premium-wordpress\/ -->\n<title>Danke - Event-Anfrage<\/title>\n<meta name=\"description\" content=\"Vielen Dank f\u00fcr deine Registrierungsanfrage! Deine Anmeldung f\u00fcr den Event wurde an den Veranstalter zur Freigabe weitergeleitet. Du wirst per E-Mail \u00fcber\" \/>\n<meta name=\"robots\" content=\"noindex, follow\" \/>\n<meta property=\"og:locale\" content=\"de_DE\" \/>\n<meta property=\"og:type\" content=\"article\" \/>\n<meta property=\"og:title\" content=\"Danke - Event-Anfrage\" \/>\n<meta property=\"og:description\" content=\"Vielen Dank f\u00fcr deine Registrierungsanfrage! Deine Anmeldung f\u00fcr den Event wurde an den Veranstalter zur Freigabe weitergeleitet. Du wirst per E-Mail \u00fcber\" \/>\n<meta property=\"og:url\" content=\"https:\/\/www.celum.com\/de\/danke-event-anfrage\/\" \/>\n<meta property=\"og:site_name\" content=\"Celum\" \/>\n<meta property=\"article:publisher\" content=\"https:\/\/www.facebook.com\/celumcorporate\/\" \/>\n<meta property=\"article:modified_time\" content=\"2021-04-14T17:59:16+00:00\" \/>\n<meta property=\"og:image\" content=\"https:\/\/www.celum.com\/de\/wp-content\/uploads\/sites\/3\/2021\/03\/CELUM.jpg\" \/>\n\t<meta property=\"og:image:width\" content=\"1200\" \/>\n\t<meta property=\"og:image:height\" content=\"630\" \/>\n\t<meta property=\"og:image:type\" content=\"image\/jpeg\" \/>\n<meta name=\"twitter:card\" content=\"summary_large_image\" \/>\n<meta name=\"twitter:site\" content=\"@CELUM\" \/>\n<script type=\"application\/ld+json\" class=\"yoast-schema-graph\">{\"@context\":\"https:\/\/schema.org\",\"@graph\":[{\"@type\":\"WebPage\",\"@id\":\"https:\/\/www.celum.com\/de\/danke-event-anfrage\/\",\"url\":\"https:\/\/www.celum.com\/de\/danke-event-anfrage\/\",\"name\":\"Danke - Event-Anfrage\",\"isPartOf\":{\"@id\":\"https:\/\/www.celum.com\/de\/#website\"},\"datePublished\":\"2021-04-14T17:58:29+00:00\",\"dateModified\":\"2021-04-14T17:59:16+00:00\",\"description\":\"Vielen Dank f\u00fcr deine Registrierungsanfrage! Deine Anmeldung f\u00fcr den Event wurde an den Veranstalter zur Freigabe weitergeleitet. Du wirst per E-Mail \u00fcber\",\"inLanguage\":\"de\",\"potentialAction\":[{\"@type\":\"ReadAction\",\"target\":[\"https:\/\/www.celum.com\/de\/danke-event-anfrage\/\"]}]},{\"@type\":\"WebSite\",\"@id\":\"https:\/\/www.celum.com\/de\/#website\",\"url\":\"https:\/\/www.celum.com\/de\/\",\"name\":\"CELUM\",\"description\":\"Make Brands. Sell Products.\",\"publisher\":{\"@id\":\"https:\/\/www.celum.com\/de\/#organization\"},\"potentialAction\":[{\"@type\":\"SearchAction\",\"target\":{\"@type\":\"EntryPoint\",\"urlTemplate\":\"https:\/\/www.celum.com\/de\/?s={search_term_string}\"},\"query-input\":{\"@type\":\"PropertyValueSpecification\",\"valueRequired\":true,\"valueName\":\"search_term_string\"}}],\"inLanguage\":\"de\"},{\"@type\":\"Organization\",\"@id\":\"https:\/\/www.celum.com\/de\/#organization\",\"name\":\"CELUM\",\"url\":\"https:\/\/www.celum.com\/de\/\",\"logo\":{\"@type\":\"ImageObject\",\"inLanguage\":\"de\",\"@id\":\"https:\/\/www.celum.com\/de\/#\/schema\/logo\/image\/\",\"url\":\"https:\/\/www.celum.com\/de\/wp-content\/uploads\/sites\/3\/2021\/01\/celum-header-logo.svg\",\"contentUrl\":\"https:\/\/www.celum.com\/de\/wp-content\/uploads\/sites\/3\/2021\/01\/celum-header-logo.svg\",\"width\":1,\"height\":1,\"caption\":\"CELUM\"},\"image\":{\"@id\":\"https:\/\/www.celum.com\/de\/#\/schema\/logo\/image\/\"},\"sameAs\":[\"https:\/\/www.facebook.com\/celumcorporate\/\",\"https:\/\/x.com\/CELUM\",\"https:\/\/www.instagram.com\/celum_life\/\",\"https:\/\/www.linkedin.com\/company\/328144\/\",\"https:\/\/www.youtube.com\/user\/celumTV\/\"]}]}<\/script>\n<!-- \/ Yoast SEO Premium plugin. -->","yoast_head_json":{"title":"Danke - Event-Anfrage","description":"Vielen Dank f\u00fcr deine Registrierungsanfrage! Deine Anmeldung f\u00fcr den Event wurde an den Veranstalter zur Freigabe weitergeleitet. Du wirst per E-Mail \u00fcber","robots":{"index":"noindex","follow":"follow"},"og_locale":"de_DE","og_type":"article","og_title":"Danke - Event-Anfrage","og_description":"Vielen Dank f\u00fcr deine Registrierungsanfrage! Deine Anmeldung f\u00fcr den Event wurde an den Veranstalter zur Freigabe weitergeleitet. Du wirst per E-Mail \u00fcber","og_url":"https:\/\/www.celum.com\/de\/danke-event-anfrage\/","og_site_name":"Celum","article_publisher":"https:\/\/www.facebook.com\/celumcorporate\/","article_modified_time":"2021-04-14T17:59:16+00:00","og_image":[{"width":1200,"height":630,"url":"https:\/\/www.celum.com\/de\/wp-content\/uploads\/sites\/3\/2021\/03\/CELUM.jpg","type":"image\/jpeg"}],"twitter_card":"summary_large_image","twitter_site":"@CELUM","schema":{"@context":"https:\/\/schema.org","@graph":[{"@type":"WebPage","@id":"https:\/\/www.celum.com\/de\/danke-event-anfrage\/","url":"https:\/\/www.celum.com\/de\/danke-event-anfrage\/","name":"Danke - Event-Anfrage","isPartOf":{"@id":"https:\/\/www.celum.com\/de\/#website"},"datePublished":"2021-04-14T17:58:29+00:00","dateModified":"2021-04-14T17:59:16+00:00","description":"Vielen Dank f\u00fcr deine Registrierungsanfrage! Deine Anmeldung f\u00fcr den Event wurde an den Veranstalter zur Freigabe weitergeleitet. Du wirst per E-Mail \u00fcber","inLanguage":"de","potentialAction":[{"@type":"ReadAction","target":["https:\/\/www.celum.com\/de\/danke-event-anfrage\/"]}]},{"@type":"WebSite","@id":"https:\/\/www.celum.com\/de\/#website","url":"https:\/\/www.celum.com\/de\/","name":"CELUM","description":"Make Brands. Sell Products.","publisher":{"@id":"https:\/\/www.celum.com\/de\/#organization"},"potentialAction":[{"@type":"SearchAction","target":{"@type":"EntryPoint","urlTemplate":"https:\/\/www.celum.com\/de\/?s={search_term_string}"},"query-input":{"@type":"PropertyValueSpecification","valueRequired":true,"valueName":"search_term_string"}}],"inLanguage":"de"},{"@type":"Organization","@id":"https:\/\/www.celum.com\/de\/#organization","name":"CELUM","url":"https:\/\/www.celum.com\/de\/","logo":{"@type":"ImageObject","inLanguage":"de","@id":"https:\/\/www.celum.com\/de\/#\/schema\/logo\/image\/","url":"https:\/\/www.celum.com\/de\/wp-content\/uploads\/sites\/3\/2021\/01\/celum-header-logo.svg","contentUrl":"https:\/\/www.celum.com\/de\/wp-content\/uploads\/sites\/3\/2021\/01\/celum-header-logo.svg","width":1,"height":1,"caption":"CELUM"},"image":{"@id":"https:\/\/www.celum.com\/de\/#\/schema\/logo\/image\/"},"sameAs":["https:\/\/www.facebook.com\/celumcorporate\/","https:\/\/x.com\/CELUM","https:\/\/www.instagram.com\/celum_life\/","https:\/\/www.linkedin.com\/company\/328144\/","https:\/\/www.youtube.com\/user\/celumTV\/"]}]}},"acf":[],"_links":{"self":[{"href":"https:\/\/www.celum.com\/de\/wp-json\/wp\/v2\/pages\/10466","targetHints":{"allow":["GET"]}}],"collection":[{"href":"https:\/\/www.celum.com\/de\/wp-json\/wp\/v2\/pages"}],"about":[{"href":"https:\/\/www.celum.com\/de\/wp-json\/wp\/v2\/types\/page"}],"author":[{"embeddable":true,"href":"https:\/\/www.celum.com\/de\/wp-json\/wp\/v2\/users\/13"}],"replies":[{"embeddable":true,"href":"https:\/\/www.celum.com\/de\/wp-json\/wp\/v2\/comments?post=10466"}],"version-history":[{"count":4,"href":"https:\/\/www.celum.com\/de\/wp-json\/wp\/v2\/pages\/10466\/revisions"}],"predecessor-version":[{"id":10474,"href":"https:\/\/www.celum.com\/de\/wp-json\/wp\/v2\/pages\/10466\/revisions\/10474"}],"wp:attachment":[{"href":"https:\/\/www.celum.com\/de\/wp-json\/wp\/v2\/media?parent=10466"}],"wp:term":[{"taxonomy":"folder","embeddable":true,"href":"https:\/\/www.celum.com\/de\/wp-json\/wp\/v2\/folder?post=10466"}],"curies":[{"name":"wp","href":"https:\/\/api.w.org\/{rel}","templated":true}]}}