{"id":1633,"date":"2021-02-17T15:46:21","date_gmt":"2021-02-17T14:46:21","guid":{"rendered":"https:\/\/www.celum.com\/de\/?page_id=1633"},"modified":"2025-04-04T11:03:41","modified_gmt":"2025-04-04T09:03:41","slug":"kontakt","status":"publish","type":"page","link":"https:\/\/www.celum.com\/de\/kontakt\/","title":{"rendered":"Contact us"},"content":{"rendered":"\t\t<div data-elementor-type=\"wp-page\" data-elementor-id=\"1633\" class=\"elementor elementor-1633\" data-elementor-post-type=\"page\">\n\t\t\t\t\t\t<section class=\"elementor-section elementor-top-section elementor-element elementor-element-59c6281 elementor-section-full_width elementor-section-height-default elementor-section-height-default\" data-id=\"59c6281\" data-element_type=\"section\" data-e-type=\"section\" data-settings=\"{&quot;background_background&quot;:&quot;gradient&quot;}\">\n\t\t\t\t\t\t<div class=\"elementor-container elementor-column-gap-default\">\n\t\t\t\t\t<div class=\"elementor-column elementor-col-100 elementor-top-column elementor-element elementor-element-240f94b\" data-id=\"240f94b\" data-element_type=\"column\" data-e-type=\"column\">\n\t\t\t<div class=\"elementor-widget-wrap elementor-element-populated\">\n\t\t\t\t\t\t<div class=\"elementor-element elementor-element-dc482c9 elementor-widget elementor-widget-text-editor\" data-id=\"dc482c9\" data-element_type=\"widget\" data-e-type=\"widget\" data-widget_type=\"text-editor.default\">\n\t\t\t\t<div class=\"elementor-widget-container\">\n\t\t\t\t\t\t\t\t\t<p>Hast du Fragen?<br \/>Wir liefern die Antworten!<\/p>\t\t\t\t\t\t\t\t<\/div>\n\t\t\t\t<\/div>\n\t\t\t\t\t<\/div>\n\t\t<\/div>\n\t\t\t\t\t<\/div>\n\t\t<\/section>\n\t\t\t\t<section class=\"elementor-section elementor-top-section elementor-element elementor-element-0b0aad6 elementor-reverse-mobile elementor-section-boxed elementor-section-height-default elementor-section-height-default\" data-id=\"0b0aad6\" data-element_type=\"section\" data-e-type=\"section\" data-settings=\"{&quot;background_background&quot;:&quot;gradient&quot;}\">\n\t\t\t\t\t\t<div class=\"elementor-container elementor-column-gap-wider\">\n\t\t\t\t\t<div class=\"elementor-column elementor-col-50 elementor-top-column elementor-element elementor-element-55dbe5f\" data-id=\"55dbe5f\" data-element_type=\"column\" data-e-type=\"column\">\n\t\t\t<div class=\"elementor-widget-wrap elementor-element-populated\">\n\t\t\t\t\t\t<section class=\"elementor-section elementor-inner-section elementor-element elementor-element-88010a9 elementor-section-boxed elementor-section-height-default elementor-section-height-default\" data-id=\"88010a9\" data-element_type=\"section\" data-e-type=\"section\">\n\t\t\t\t\t\t<div class=\"elementor-container elementor-column-gap-default\">\n\t\t\t\t\t<div class=\"elementor-column elementor-col-100 elementor-inner-column elementor-element elementor-element-84a73a3\" data-id=\"84a73a3\" data-element_type=\"column\" data-e-type=\"column\">\n\t\t\t<div class=\"elementor-widget-wrap elementor-element-populated\">\n\t\t\t\t\t\t<div class=\"elementor-element elementor-element-e3439ee link--inherit-styles elementor-widget elementor-widget-text-editor\" data-id=\"e3439ee\" data-element_type=\"widget\" data-e-type=\"widget\" data-widget_type=\"text-editor.default\">\n\t\t\t\t<div class=\"elementor-widget-container\">\n\t\t\t\t\t\t\t\t\t<p>F\u00fclle das Formular aus, um dich \u00fcber unser Unternehmen, die Produkte, die Preise, die Implementierung und alles andere, was dir in den Sinn kommt, zu informieren. Wir werden uns so schnell wie m\u00f6glich mit dir in Verbindung setzen.<\/p><p>Du suchst Hilfe zu deinem CELUM-Produkt? Besuche den <a href=\"https:\/\/help.celum.com\">Hilfe-Bereich<\/a> oder nimm Kontakt mit unserem <a href=\"https:\/\/service.celum.com\">Kunden-Support<\/a> auf.<\/p>\t\t\t\t\t\t\t\t<\/div>\n\t\t\t\t<\/div>\n\t\t\t\t\t<\/div>\n\t\t<\/div>\n\t\t\t\t\t<\/div>\n\t\t<\/section>\n\t\t\t\t<div class=\"elementor-element elementor-element-4bd4192 elementor-widget elementor-widget-image\" data-id=\"4bd4192\" data-element_type=\"widget\" data-e-type=\"widget\" data-widget_type=\"image.default\">\n\t\t\t\t<div class=\"elementor-widget-container\">\n\t\t\t\t\t\t\t\t\t\t\t\t<figure class=\"wp-caption\">\n\t\t\t\t\t\t\t\t\t\t<img fetchpriority=\"high\" decoding=\"async\" width=\"570\" height=\"379\" src=\"https:\/\/www.celum.com\/de\/wp-content\/uploads\/sites\/3\/2021\/03\/csm_Gebaeude_9a75af3421.png\" class=\"attachment-large size-large wp-image-5202\" alt=\"\" srcset=\"https:\/\/www.celum.com\/de\/wp-content\/uploads\/sites\/3\/2021\/03\/csm_Gebaeude_9a75af3421.png 570w, https:\/\/www.celum.com\/de\/wp-content\/uploads\/sites\/3\/2021\/03\/csm_Gebaeude_9a75af3421-300x199.png 300w\" sizes=\"(max-width: 570px) 100vw, 570px\" \/>\t\t\t\t\t\t\t\t\t\t\t<figcaption class=\"widget-image-caption wp-caption-text\"><\/figcaption>\n\t\t\t\t\t\t\t\t\t\t<\/figure>\n\t\t\t\t\t\t\t\t\t<\/div>\n\t\t\t\t<\/div>\n\t\t\t\t<section class=\"elementor-section elementor-inner-section elementor-element elementor-element-c0bebe6 elementor-section-boxed elementor-section-height-default elementor-section-height-default\" data-id=\"c0bebe6\" data-element_type=\"section\" data-e-type=\"section\">\n\t\t\t\t\t\t<div class=\"elementor-container elementor-column-gap-default\">\n\t\t\t\t\t<div class=\"elementor-column elementor-col-50 elementor-inner-column elementor-element elementor-element-dc58383\" data-id=\"dc58383\" data-element_type=\"column\" data-e-type=\"column\">\n\t\t\t<div class=\"elementor-widget-wrap elementor-element-populated\">\n\t\t\t\t\t\t<div class=\"elementor-element elementor-element-b7ae51a elementor-widget elementor-widget-text-editor\" data-id=\"b7ae51a\" data-element_type=\"widget\" data-e-type=\"widget\" data-widget_type=\"text-editor.default\">\n\t\t\t\t<div class=\"elementor-widget-container\">\n\t\t\t\t\t\t\t\t\t<p><strong>HAUPTSITZ<\/strong><br \/>CELUM GmbH<br \/>Passaustra\u00dfe 26-28<br \/>4030 Linz<br \/>\u00d6sterreich<\/p>\t\t\t\t\t\t\t\t<\/div>\n\t\t\t\t<\/div>\n\t\t\t\t\t<\/div>\n\t\t<\/div>\n\t\t\t\t<div class=\"elementor-column elementor-col-50 elementor-inner-column elementor-element elementor-element-384d924\" data-id=\"384d924\" data-element_type=\"column\" data-e-type=\"column\">\n\t\t\t<div class=\"elementor-widget-wrap elementor-element-populated\">\n\t\t\t\t\t\t<div class=\"elementor-element elementor-element-b53cb15 link--inherit-styles elementor-widget elementor-widget-text-editor\" data-id=\"b53cb15\" data-element_type=\"widget\" data-e-type=\"widget\" data-widget_type=\"text-editor.default\">\n\t\t\t\t<div class=\"elementor-widget-container\">\n\t\t\t\t\t\t\t\t\t<p><strong>E-MAIL:<\/strong> <span class='base64_encoded'>PGEgaHJlZj0ibWFpbHRvOm9mZmljZUBjZWx1bS5jb20iPm9mZmljZUBjZWx1bS5jb208L2E+<\/span><br \/><strong>TEL:<\/strong> +43 732 716 529<\/p>\t\t\t\t\t\t\t\t<\/div>\n\t\t\t\t<\/div>\n\t\t\t\t\t<\/div>\n\t\t<\/div>\n\t\t\t\t\t<\/div>\n\t\t<\/section>\n\t\t\t\t<section class=\"elementor-section elementor-inner-section elementor-element elementor-element-e617e28 elementor-section-boxed elementor-section-height-default elementor-section-height-default\" data-id=\"e617e28\" data-element_type=\"section\" data-e-type=\"section\">\n\t\t\t\t\t\t<div class=\"elementor-container elementor-column-gap-default\">\n\t\t\t\t\t<div class=\"elementor-column elementor-col-50 elementor-inner-column elementor-element elementor-element-cb4f5ec\" data-id=\"cb4f5ec\" data-element_type=\"column\" data-e-type=\"column\">\n\t\t\t<div class=\"elementor-widget-wrap elementor-element-populated\">\n\t\t\t\t\t\t<div class=\"elementor-element elementor-element-c4efc12 elementor-widget elementor-widget-image\" data-id=\"c4efc12\" data-element_type=\"widget\" data-e-type=\"widget\" data-widget_type=\"image.default\">\n\t\t\t\t<div class=\"elementor-widget-container\">\n\t\t\t\t\t\t\t\t\t\t\t\t\t\t\t<img decoding=\"async\" width=\"265\" height=\"176\" src=\"https:\/\/www.celum.com\/de\/wp-content\/uploads\/sites\/3\/2021\/03\/vienna-1.jpg\" class=\"attachment-large size-large wp-image-5224\" alt=\"\" \/>\t\t\t\t\t\t\t\t\t\t\t\t\t\t\t<\/div>\n\t\t\t\t<\/div>\n\t\t\t\t<div class=\"elementor-element elementor-element-50ee925 elementor-widget elementor-widget-text-editor\" data-id=\"50ee925\" data-element_type=\"widget\" data-e-type=\"widget\" data-widget_type=\"text-editor.default\">\n\t\t\t\t<div class=\"elementor-widget-container\">\n\t\t\t\t\t\t\t\t\t<p><strong><span style=\"vertical-align: inherit;\"><span style=\"vertical-align: inherit;\">CELUM Vienna<\/span><\/span><\/strong><br \/>Aspernbr\u00fcckengasse 2<br \/><span style=\"vertical-align: inherit;\"><span style=\"vertical-align: inherit;\">1020 Wien<\/span><\/span><\/p>\t\t\t\t\t\t\t\t<\/div>\n\t\t\t\t<\/div>\n\t\t\t\t\t<\/div>\n\t\t<\/div>\n\t\t\t\t<div class=\"elementor-column elementor-col-50 elementor-inner-column elementor-element elementor-element-4ab4660\" data-id=\"4ab4660\" data-element_type=\"column\" data-e-type=\"column\">\n\t\t\t<div class=\"elementor-widget-wrap elementor-element-populated\">\n\t\t\t\t\t\t<div class=\"elementor-element elementor-element-ab67dff elementor-widget elementor-widget-image\" data-id=\"ab67dff\" data-element_type=\"widget\" data-e-type=\"widget\" data-widget_type=\"image.default\">\n\t\t\t\t<div class=\"elementor-widget-container\">\n\t\t\t\t\t\t\t\t\t\t\t\t\t\t\t<img decoding=\"async\" width=\"264\" height=\"176\" src=\"https:\/\/www.celum.com\/de\/wp-content\/uploads\/sites\/3\/2021\/03\/munich.jpg\" class=\"attachment-large size-large wp-image-5225\" alt=\"\" \/>\t\t\t\t\t\t\t\t\t\t\t\t\t\t\t<\/div>\n\t\t\t\t<\/div>\n\t\t\t\t<div class=\"elementor-element elementor-element-4fea3f5 elementor-widget elementor-widget-text-editor\" data-id=\"4fea3f5\" data-element_type=\"widget\" data-e-type=\"widget\" data-widget_type=\"text-editor.default\">\n\t\t\t\t<div class=\"elementor-widget-container\">\n\t\t\t\t\t\t\t\t\t<p><strong>CELUM Deutschland GmbH<\/strong><br \/>Luise-Ullrich-Stra\u00dfe 20<br \/>D-80636 M\u00fcnchen<\/p>\t\t\t\t\t\t\t\t<\/div>\n\t\t\t\t<\/div>\n\t\t\t\t\t<\/div>\n\t\t<\/div>\n\t\t\t\t\t<\/div>\n\t\t<\/section>\n\t\t\t\t<section class=\"elementor-section elementor-inner-section elementor-element elementor-element-c29cdff elementor-hidden-phone elementor-section-boxed elementor-section-height-default elementor-section-height-default\" data-id=\"c29cdff\" data-element_type=\"section\" data-e-type=\"section\">\n\t\t\t\t\t\t<div class=\"elementor-container elementor-column-gap-default\">\n\t\t\t\t\t<div class=\"elementor-column elementor-col-50 elementor-inner-column elementor-element elementor-element-f7e1081\" data-id=\"f7e1081\" data-element_type=\"column\" data-e-type=\"column\">\n\t\t\t<div class=\"elementor-widget-wrap elementor-element-populated\">\n\t\t\t\t\t\t<div class=\"elementor-element elementor-element-2dd3763 elementor-absolute elementor-widget elementor-widget-image\" data-id=\"2dd3763\" data-element_type=\"widget\" data-e-type=\"widget\" data-settings=\"{&quot;_position&quot;:&quot;absolute&quot;}\" data-widget_type=\"image.default\">\n\t\t\t\t<div class=\"elementor-widget-container\">\n\t\t\t\t\t\t\t\t\t\t\t\t\t\t\t<img loading=\"lazy\" decoding=\"async\" width=\"800\" height=\"800\" src=\"https:\/\/www.celum.com\/de\/wp-content\/uploads\/sites\/3\/2021\/03\/NEW-Dark.svg\" class=\"attachment-large size-large wp-image-7524\" alt=\"\" \/>\t\t\t\t\t\t\t\t\t\t\t\t\t\t\t<\/div>\n\t\t\t\t<\/div>\n\t\t\t\t\t<\/div>\n\t\t<\/div>\n\t\t\t\t<div class=\"elementor-column elementor-col-50 elementor-inner-column elementor-element elementor-element-1b23fac\" data-id=\"1b23fac\" data-element_type=\"column\" data-e-type=\"column\">\n\t\t\t<div class=\"elementor-widget-wrap elementor-element-populated\">\n\t\t\t\t\t\t<div class=\"elementor-element elementor-element-99414da elementor-widget elementor-widget-image\" data-id=\"99414da\" data-element_type=\"widget\" data-e-type=\"widget\" data-widget_type=\"image.default\">\n\t\t\t\t<div class=\"elementor-widget-container\">\n\t\t\t\t\t\t\t\t\t\t\t\t\t\t\t<img loading=\"lazy\" decoding=\"async\" width=\"800\" height=\"800\" src=\"https:\/\/www.celum.com\/de\/wp-content\/uploads\/sites\/3\/2021\/03\/NEW-Dark.svg\" class=\"attachment-large size-large wp-image-7524\" alt=\"\" \/>\t\t\t\t\t\t\t\t\t\t\t\t\t\t\t<\/div>\n\t\t\t\t<\/div>\n\t\t\t\t\t<\/div>\n\t\t<\/div>\n\t\t\t\t\t<\/div>\n\t\t<\/section>\n\t\t\t\t\t<\/div>\n\t\t<\/div>\n\t\t\t\t<div class=\"elementor-column elementor-col-50 elementor-top-column elementor-element elementor-element-5256f21\" data-id=\"5256f21\" data-element_type=\"column\" data-e-type=\"column\">\n\t\t\t<div class=\"elementor-widget-wrap elementor-element-populated\">\n\t\t\t\t\t\t<div class=\"elementor-element elementor-element-2c1a866 elementor-widget elementor-widget-html\" data-id=\"2c1a866\" data-element_type=\"widget\" data-e-type=\"widget\" data-widget_type=\"html.default\">\n\t\t\t\t<div class=\"elementor-widget-container\">\n\t\t\t\t\t<!--[if lte IE 8]>\r\n<script charset=\"utf-8\" type=\"text\/javascript\" src=\"\/\/js.hsforms.net\/forms\/v2-legacy.js\"><\/script>\r\n<![endif]-->\r\n<script charset=\"utf-8\" type=\"text\/javascript\" src=\"\/\/js.hsforms.net\/forms\/v2.js\"><\/script>\r\n<script>\r\n  hbspt.forms.create({\r\n\tregion: \"na1\",\r\n\tportalId: \"5064577\",\r\n\tformId: \"3f800f5d-9c0b-4ea1-af81-cd1ca3980a1c\"\r\n});\r\n<\/script>\t\t\t\t<\/div>\n\t\t\t\t<\/div>\n\t\t\t\t\t<\/div>\n\t\t<\/div>\n\t\t\t\t\t<\/div>\n\t\t<\/section>\n\t\t\t\t<\/div>\n\t\t","protected":false},"excerpt":{"rendered":"<p>F\u00fclle unser Kontaktformular aus, um von CELUM Informationen zu erhalten. Wir freuen uns, von dir zu h\u00f6ren.<\/p>\n","protected":false},"author":13,"featured_media":4027,"parent":0,"menu_order":0,"comment_status":"closed","ping_status":"closed","template":"","meta":{"_acf_changed":false,"inline_featured_image":false,"footnotes":""},"folder":[],"class_list":["post-1633","page","type-page","status-publish","has-post-thumbnail","hentry"],"yoast_head":"<!-- This site is optimized with the Yoast SEO Premium plugin v24.6 (Yoast SEO v27.5) - https:\/\/yoast.com\/product\/yoast-seo-premium-wordpress\/ -->\n<title>CELUM kontaktieren f\u00fcr Hilfe und Informationen<\/title>\n<meta name=\"description\" content=\"F\u00fclle unser Kontaktformular aus, um von CELUM Informationen zu erhalten. Wir freuen uns, von dir zu h\u00f6ren.\" \/>\n<meta name=\"robots\" content=\"index, follow, max-snippet:-1, max-image-preview:large, max-video-preview:-1\" \/>\n<link rel=\"canonical\" href=\"https:\/\/www.celum.com\/de\/kontakt\/\" \/>\n<meta property=\"og:locale\" content=\"de_DE\" \/>\n<meta property=\"og:type\" content=\"article\" \/>\n<meta property=\"og:title\" content=\"Contact us\" \/>\n<meta property=\"og:description\" content=\"F\u00fclle unser Kontaktformular aus, um von CELUM Informationen zu erhalten. Wir freuen uns, von dir zu h\u00f6ren.\" \/>\n<meta property=\"og:url\" content=\"https:\/\/www.celum.com\/de\/kontakt\/\" \/>\n<meta property=\"og:site_name\" content=\"Celum\" \/>\n<meta property=\"article:publisher\" content=\"https:\/\/www.facebook.com\/celumcorporate\/\" \/>\n<meta property=\"article:modified_time\" content=\"2025-04-04T09:03:41+00:00\" \/>\n<meta property=\"og:image\" content=\"https:\/\/www.celum.com\/de\/wp-content\/uploads\/sites\/3\/2021\/03\/CELUM.jpg\" \/>\n\t<meta property=\"og:image:width\" content=\"1200\" \/>\n\t<meta property=\"og:image:height\" content=\"630\" \/>\n\t<meta property=\"og:image:type\" content=\"image\/jpeg\" \/>\n<meta name=\"twitter:card\" content=\"summary_large_image\" \/>\n<meta name=\"twitter:site\" content=\"@CELUM\" \/>\n<meta name=\"twitter:label1\" content=\"Gesch\u00e4tzte Lesezeit\" \/>\n\t<meta name=\"twitter:data1\" content=\"2\u00a0Minuten\" \/>\n<script type=\"application\/ld+json\" class=\"yoast-schema-graph\">{\"@context\":\"https:\\\/\\\/schema.org\",\"@graph\":[{\"@type\":\"WebPage\",\"@id\":\"https:\\\/\\\/www.celum.com\\\/de\\\/kontakt\\\/\",\"url\":\"https:\\\/\\\/www.celum.com\\\/de\\\/kontakt\\\/\",\"name\":\"CELUM kontaktieren f\u00fcr Hilfe und Informationen\",\"isPartOf\":{\"@id\":\"https:\\\/\\\/www.celum.com\\\/de\\\/#website\"},\"primaryImageOfPage\":{\"@id\":\"https:\\\/\\\/www.celum.com\\\/de\\\/kontakt\\\/#primaryimage\"},\"image\":{\"@id\":\"https:\\\/\\\/www.celum.com\\\/de\\\/kontakt\\\/#primaryimage\"},\"thumbnailUrl\":\"https:\\\/\\\/www.celum.com\\\/de\\\/wp-content\\\/uploads\\\/sites\\\/3\\\/2021\\\/03\\\/CELUM.jpg\",\"datePublished\":\"2021-02-17T14:46:21+00:00\",\"dateModified\":\"2025-04-04T09:03:41+00:00\",\"description\":\"F\u00fclle unser Kontaktformular aus, um von CELUM Informationen zu erhalten. Wir freuen uns, von dir zu h\u00f6ren.\",\"inLanguage\":\"de\",\"potentialAction\":[{\"@type\":\"ReadAction\",\"target\":[\"https:\\\/\\\/www.celum.com\\\/de\\\/kontakt\\\/\"]}]},{\"@type\":\"ImageObject\",\"inLanguage\":\"de\",\"@id\":\"https:\\\/\\\/www.celum.com\\\/de\\\/kontakt\\\/#primaryimage\",\"url\":\"https:\\\/\\\/www.celum.com\\\/de\\\/wp-content\\\/uploads\\\/sites\\\/3\\\/2021\\\/03\\\/CELUM.jpg\",\"contentUrl\":\"https:\\\/\\\/www.celum.com\\\/de\\\/wp-content\\\/uploads\\\/sites\\\/3\\\/2021\\\/03\\\/CELUM.jpg\",\"width\":1200,\"height\":630},{\"@type\":\"WebSite\",\"@id\":\"https:\\\/\\\/www.celum.com\\\/de\\\/#website\",\"url\":\"https:\\\/\\\/www.celum.com\\\/de\\\/\",\"name\":\"CELUM\",\"description\":\"Make Brands. Sell Products.\",\"publisher\":{\"@id\":\"https:\\\/\\\/www.celum.com\\\/de\\\/#organization\"},\"potentialAction\":[{\"@type\":\"SearchAction\",\"target\":{\"@type\":\"EntryPoint\",\"urlTemplate\":\"https:\\\/\\\/www.celum.com\\\/de\\\/?s={search_term_string}\"},\"query-input\":{\"@type\":\"PropertyValueSpecification\",\"valueRequired\":true,\"valueName\":\"search_term_string\"}}],\"inLanguage\":\"de\"},{\"@type\":\"Organization\",\"@id\":\"https:\\\/\\\/www.celum.com\\\/de\\\/#organization\",\"name\":\"CELUM\",\"url\":\"https:\\\/\\\/www.celum.com\\\/de\\\/\",\"logo\":{\"@type\":\"ImageObject\",\"inLanguage\":\"de\",\"@id\":\"https:\\\/\\\/www.celum.com\\\/de\\\/#\\\/schema\\\/logo\\\/image\\\/\",\"url\":\"https:\\\/\\\/www.celum.com\\\/de\\\/wp-content\\\/uploads\\\/sites\\\/3\\\/2021\\\/01\\\/celum-header-logo.svg\",\"contentUrl\":\"https:\\\/\\\/www.celum.com\\\/de\\\/wp-content\\\/uploads\\\/sites\\\/3\\\/2021\\\/01\\\/celum-header-logo.svg\",\"width\":1,\"height\":1,\"caption\":\"CELUM\"},\"image\":{\"@id\":\"https:\\\/\\\/www.celum.com\\\/de\\\/#\\\/schema\\\/logo\\\/image\\\/\"},\"sameAs\":[\"https:\\\/\\\/www.facebook.com\\\/celumcorporate\\\/\",\"https:\\\/\\\/x.com\\\/CELUM\",\"https:\\\/\\\/www.instagram.com\\\/celum_life\\\/\",\"https:\\\/\\\/www.linkedin.com\\\/company\\\/328144\\\/\",\"https:\\\/\\\/www.youtube.com\\\/user\\\/celumTV\\\/\"]}]}<\/script>\n<!-- \/ Yoast SEO Premium plugin. -->","yoast_head_json":{"title":"CELUM kontaktieren f\u00fcr Hilfe und Informationen","description":"F\u00fclle unser Kontaktformular aus, um von CELUM Informationen zu erhalten. Wir freuen uns, von dir zu h\u00f6ren.","robots":{"index":"index","follow":"follow","max-snippet":"max-snippet:-1","max-image-preview":"max-image-preview:large","max-video-preview":"max-video-preview:-1"},"canonical":"https:\/\/www.celum.com\/de\/kontakt\/","og_locale":"de_DE","og_type":"article","og_title":"Contact us","og_description":"F\u00fclle unser Kontaktformular aus, um von CELUM Informationen zu erhalten. Wir freuen uns, von dir zu h\u00f6ren.","og_url":"https:\/\/www.celum.com\/de\/kontakt\/","og_site_name":"Celum","article_publisher":"https:\/\/www.facebook.com\/celumcorporate\/","article_modified_time":"2025-04-04T09:03:41+00:00","og_image":[{"width":1200,"height":630,"url":"https:\/\/www.celum.com\/de\/wp-content\/uploads\/sites\/3\/2021\/03\/CELUM.jpg","type":"image\/jpeg"}],"twitter_card":"summary_large_image","twitter_site":"@CELUM","twitter_misc":{"Gesch\u00e4tzte Lesezeit":"2\u00a0Minuten"},"schema":{"@context":"https:\/\/schema.org","@graph":[{"@type":"WebPage","@id":"https:\/\/www.celum.com\/de\/kontakt\/","url":"https:\/\/www.celum.com\/de\/kontakt\/","name":"CELUM kontaktieren f\u00fcr Hilfe und Informationen","isPartOf":{"@id":"https:\/\/www.celum.com\/de\/#website"},"primaryImageOfPage":{"@id":"https:\/\/www.celum.com\/de\/kontakt\/#primaryimage"},"image":{"@id":"https:\/\/www.celum.com\/de\/kontakt\/#primaryimage"},"thumbnailUrl":"https:\/\/www.celum.com\/de\/wp-content\/uploads\/sites\/3\/2021\/03\/CELUM.jpg","datePublished":"2021-02-17T14:46:21+00:00","dateModified":"2025-04-04T09:03:41+00:00","description":"F\u00fclle unser Kontaktformular aus, um von CELUM Informationen zu erhalten. Wir freuen uns, von dir zu h\u00f6ren.","inLanguage":"de","potentialAction":[{"@type":"ReadAction","target":["https:\/\/www.celum.com\/de\/kontakt\/"]}]},{"@type":"ImageObject","inLanguage":"de","@id":"https:\/\/www.celum.com\/de\/kontakt\/#primaryimage","url":"https:\/\/www.celum.com\/de\/wp-content\/uploads\/sites\/3\/2021\/03\/CELUM.jpg","contentUrl":"https:\/\/www.celum.com\/de\/wp-content\/uploads\/sites\/3\/2021\/03\/CELUM.jpg","width":1200,"height":630},{"@type":"WebSite","@id":"https:\/\/www.celum.com\/de\/#website","url":"https:\/\/www.celum.com\/de\/","name":"CELUM","description":"Make Brands. Sell Products.","publisher":{"@id":"https:\/\/www.celum.com\/de\/#organization"},"potentialAction":[{"@type":"SearchAction","target":{"@type":"EntryPoint","urlTemplate":"https:\/\/www.celum.com\/de\/?s={search_term_string}"},"query-input":{"@type":"PropertyValueSpecification","valueRequired":true,"valueName":"search_term_string"}}],"inLanguage":"de"},{"@type":"Organization","@id":"https:\/\/www.celum.com\/de\/#organization","name":"CELUM","url":"https:\/\/www.celum.com\/de\/","logo":{"@type":"ImageObject","inLanguage":"de","@id":"https:\/\/www.celum.com\/de\/#\/schema\/logo\/image\/","url":"https:\/\/www.celum.com\/de\/wp-content\/uploads\/sites\/3\/2021\/01\/celum-header-logo.svg","contentUrl":"https:\/\/www.celum.com\/de\/wp-content\/uploads\/sites\/3\/2021\/01\/celum-header-logo.svg","width":1,"height":1,"caption":"CELUM"},"image":{"@id":"https:\/\/www.celum.com\/de\/#\/schema\/logo\/image\/"},"sameAs":["https:\/\/www.facebook.com\/celumcorporate\/","https:\/\/x.com\/CELUM","https:\/\/www.instagram.com\/celum_life\/","https:\/\/www.linkedin.com\/company\/328144\/","https:\/\/www.youtube.com\/user\/celumTV\/"]}]}},"acf":[],"_links":{"self":[{"href":"https:\/\/www.celum.com\/de\/wp-json\/wp\/v2\/pages\/1633","targetHints":{"allow":["GET"]}}],"collection":[{"href":"https:\/\/www.celum.com\/de\/wp-json\/wp\/v2\/pages"}],"about":[{"href":"https:\/\/www.celum.com\/de\/wp-json\/wp\/v2\/types\/page"}],"author":[{"embeddable":true,"href":"https:\/\/www.celum.com\/de\/wp-json\/wp\/v2\/users\/13"}],"replies":[{"embeddable":true,"href":"https:\/\/www.celum.com\/de\/wp-json\/wp\/v2\/comments?post=1633"}],"version-history":[{"count":11,"href":"https:\/\/www.celum.com\/de\/wp-json\/wp\/v2\/pages\/1633\/revisions"}],"predecessor-version":[{"id":33123,"href":"https:\/\/www.celum.com\/de\/wp-json\/wp\/v2\/pages\/1633\/revisions\/33123"}],"wp:featuredmedia":[{"embeddable":true,"href":"https:\/\/www.celum.com\/de\/wp-json\/wp\/v2\/media\/4027"}],"wp:attachment":[{"href":"https:\/\/www.celum.com\/de\/wp-json\/wp\/v2\/media?parent=1633"}],"wp:term":[{"taxonomy":"folder","embeddable":true,"href":"https:\/\/www.celum.com\/de\/wp-json\/wp\/v2\/folder?post=1633"}],"curies":[{"name":"wp","href":"https:\/\/api.w.org\/{rel}","templated":true}]}}