{"id":35541,"date":"2025-06-24T15:53:24","date_gmt":"2025-06-24T13:53:24","guid":{"rendered":"https:\/\/www.celum.com\/de\/?page_id=35541"},"modified":"2025-06-24T16:32:23","modified_gmt":"2025-06-24T14:32:23","slug":"guide-content-supply-chain-management-software-roi","status":"publish","type":"page","link":"https:\/\/www.celum.com\/de\/guide-content-supply-chain-management-software-roi\/","title":{"rendered":"Leitfaden: Content Supply Chain Management Software ROI"},"content":{"rendered":"\t\t<div data-elementor-type=\"wp-page\" data-elementor-id=\"35541\" class=\"elementor elementor-35541\" data-elementor-post-type=\"page\">\n\t\t\t\t\t\t<section class=\"elementor-section elementor-top-section elementor-element elementor-element-190a17f elementor-hidden-tablet elementor-hidden-mobile elementor-section-boxed elementor-section-height-default elementor-section-height-default\" data-id=\"190a17f\" data-element_type=\"section\" data-e-type=\"section\" data-settings=\"{&quot;background_background&quot;:&quot;classic&quot;}\">\n\t\t\t\t\t\t<div class=\"elementor-container elementor-column-gap-default\">\n\t\t\t\t\t<div class=\"elementor-column elementor-col-50 elementor-top-column elementor-element elementor-element-6228aa0\" data-id=\"6228aa0\" data-element_type=\"column\" data-e-type=\"column\">\n\t\t\t<div class=\"elementor-widget-wrap elementor-element-populated\">\n\t\t\t\t\t\t<div class=\"elementor-element elementor-element-a49407b elementor-absolute elementor-hidden-phone elementor-widget elementor-widget-image\" data-id=\"a49407b\" data-element_type=\"widget\" data-e-type=\"widget\" data-settings=\"{&quot;_position&quot;:&quot;absolute&quot;}\" data-widget_type=\"image.default\">\n\t\t\t\t<div class=\"elementor-widget-container\">\n\t\t\t\t\t\t\t\t\t\t\t\t\t\t\t<img fetchpriority=\"high\" decoding=\"async\" width=\"300\" height=\"273\" src=\"https:\/\/www.celum.com\/de\/wp-content\/uploads\/sites\/3\/2023\/02\/NEW-Dark.svg\" class=\"attachment-medium size-medium wp-image-21239\" alt=\"\" \/>\t\t\t\t\t\t\t\t\t\t\t\t\t\t\t<\/div>\n\t\t\t\t<\/div>\n\t\t\t\t<div class=\"elementor-element elementor-element-ad29bcd elementor-absolute elementor-hidden-tablet elementor-hidden-phone elementor-widget elementor-widget-image\" data-id=\"ad29bcd\" data-element_type=\"widget\" data-e-type=\"widget\" data-settings=\"{&quot;_position&quot;:&quot;absolute&quot;}\" data-widget_type=\"image.default\">\n\t\t\t\t<div class=\"elementor-widget-container\">\n\t\t\t\t\t\t\t\t\t\t\t\t\t\t\t<img fetchpriority=\"high\" decoding=\"async\" width=\"300\" height=\"273\" src=\"https:\/\/www.celum.com\/de\/wp-content\/uploads\/sites\/3\/2023\/02\/NEW-Dark.svg\" class=\"attachment-medium size-medium wp-image-21239\" alt=\"\" \/>\t\t\t\t\t\t\t\t\t\t\t\t\t\t\t<\/div>\n\t\t\t\t<\/div>\n\t\t\t\t<div class=\"elementor-element elementor-element-5cefdaa elementor-widget__width-auto elementor-absolute elementor-widget elementor-widget-image\" data-id=\"5cefdaa\" data-element_type=\"widget\" data-e-type=\"widget\" data-settings=\"{&quot;_position&quot;:&quot;absolute&quot;}\" data-widget_type=\"image.default\">\n\t\t\t\t<div class=\"elementor-widget-container\">\n\t\t\t\t\t\t\t\t\t\t\t\t\t\t\t<img fetchpriority=\"high\" decoding=\"async\" width=\"300\" height=\"273\" src=\"https:\/\/www.celum.com\/de\/wp-content\/uploads\/sites\/3\/2023\/02\/NEW-Dark.svg\" class=\"attachment-medium size-medium wp-image-21239\" alt=\"\" \/>\t\t\t\t\t\t\t\t\t\t\t\t\t\t\t<\/div>\n\t\t\t\t<\/div>\n\t\t\t\t<div class=\"elementor-element elementor-element-b8c3509 elementor-widget elementor-widget-heading\" data-id=\"b8c3509\" data-element_type=\"widget\" data-e-type=\"widget\" data-widget_type=\"heading.default\">\n\t\t\t\t<div class=\"elementor-widget-container\">\n\t\t\t\t\t<h1 class=\"elementor-heading-title elementor-size-default\">Content Supply Chain Management Software ROI<\/h1>\t\t\t\t<\/div>\n\t\t\t\t<\/div>\n\t\t\t\t<div class=\"elementor-element elementor-element-674e390 elementor-widget elementor-widget-text-editor\" data-id=\"674e390\" data-element_type=\"widget\" data-e-type=\"widget\" data-widget_type=\"text-editor.default\">\n\t\t\t\t<div class=\"elementor-widget-container\">\n\t\t\t\t\t\t\t\t\tGewinne wertvolle Einblicke und lerne bew\u00e4hrte Strategien, mit denen du dein Team empowern und neue Chancen f\u00fcr dein Unternehmen er\u00f6ffnen kannst. In unserem kostenlosen Guide lernst du, wie ein Digital Asset Management (DAM) System deine Content Supply Chain optimiert \u2013 und dabei Komplexit\u00e4t, Kosten und Time-to-Market reduziert.\t\t\t\t\t\t\t\t<\/div>\n\t\t\t\t<\/div>\n\t\t\t\t<div class=\"elementor-element elementor-element-97139c9 elementor-align-left celum-button celum-button--secondary elementor-widget elementor-widget-button\" data-id=\"97139c9\" data-element_type=\"widget\" data-e-type=\"widget\" data-widget_type=\"button.default\">\n\t\t\t\t<div class=\"elementor-widget-container\">\n\t\t\t\t\t\t\t\t\t<div class=\"elementor-button-wrapper\">\n\t\t\t\t\t<a class=\"elementor-button elementor-button-link elementor-size-sm\" href=\"#guide\" guide=\"\">\n\t\t\t\t\t\t<span class=\"elementor-button-content-wrapper\">\n\t\t\t\t\t\t\t\t\t<span class=\"elementor-button-text\">Jetzt kostenlosen Leitfaden anfordern<\/span>\n\t\t\t\t\t<\/span>\n\t\t\t\t\t<\/a>\n\t\t\t\t<\/div>\n\t\t\t\t\t\t\t\t<\/div>\n\t\t\t\t<\/div>\n\t\t\t\t\t<\/div>\n\t\t<\/div>\n\t\t\t\t<div class=\"elementor-column elementor-col-50 elementor-top-column elementor-element elementor-element-833652e elementor-hidden-phone\" data-id=\"833652e\" data-element_type=\"column\" data-e-type=\"column\">\n\t\t\t<div class=\"elementor-widget-wrap elementor-element-populated\">\n\t\t\t\t\t\t<div class=\"elementor-element elementor-element-704a4ac elementor-absolute elementor-widget__width-initial elementor-hidden-tablet elementor-hidden-mobile elementor-widget elementor-widget-image\" data-id=\"704a4ac\" data-element_type=\"widget\" data-e-type=\"widget\" data-settings=\"{&quot;motion_fx_motion_fx_mouse&quot;:&quot;yes&quot;,&quot;_position&quot;:&quot;absolute&quot;}\" data-widget_type=\"image.default\">\n\t\t\t\t<div class=\"elementor-widget-container\">\n\t\t\t\t\t\t\t\t\t\t\t\t\t\t\t<img decoding=\"async\" width=\"1920\" height=\"1255\" src=\"https:\/\/www.celum.com\/de\/wp-content\/uploads\/sites\/3\/2025\/06\/CSC-ROI-eBook-Mockup.png\" class=\"attachment-2048x2048 size-2048x2048 wp-image-35542\" alt=\"\" srcset=\"https:\/\/www.celum.com\/de\/wp-content\/uploads\/sites\/3\/2025\/06\/CSC-ROI-eBook-Mockup.png 1920w, https:\/\/www.celum.com\/de\/wp-content\/uploads\/sites\/3\/2025\/06\/CSC-ROI-eBook-Mockup-300x196.png 300w, https:\/\/www.celum.com\/de\/wp-content\/uploads\/sites\/3\/2025\/06\/CSC-ROI-eBook-Mockup-1024x669.png 1024w, https:\/\/www.celum.com\/de\/wp-content\/uploads\/sites\/3\/2025\/06\/CSC-ROI-eBook-Mockup-768x502.png 768w, https:\/\/www.celum.com\/de\/wp-content\/uploads\/sites\/3\/2025\/06\/CSC-ROI-eBook-Mockup-1536x1004.png 1536w\" sizes=\"(max-width: 1920px) 100vw, 1920px\" \/>\t\t\t\t\t\t\t\t\t\t\t\t\t\t\t<\/div>\n\t\t\t\t<\/div>\n\t\t\t\t\t<\/div>\n\t\t<\/div>\n\t\t\t\t\t<\/div>\n\t\t<\/section>\n\t\t\t\t<section class=\"elementor-section elementor-top-section elementor-element elementor-element-9e308c1 elementor-section-boxed elementor-section-height-default elementor-section-height-default\" data-id=\"9e308c1\" data-element_type=\"section\" data-e-type=\"section\">\n\t\t\t\t\t\t<div class=\"elementor-container elementor-column-gap-default\">\n\t\t\t\t\t<div class=\"elementor-column elementor-col-100 elementor-top-column elementor-element elementor-element-3805628\" data-id=\"3805628\" data-element_type=\"column\" data-e-type=\"column\">\n\t\t\t<div class=\"elementor-widget-wrap elementor-element-populated\">\n\t\t\t\t\t\t<div class=\"elementor-element elementor-element-70e6efa elementor-widget elementor-widget-heading\" data-id=\"70e6efa\" data-element_type=\"widget\" data-e-type=\"widget\" data-widget_type=\"heading.default\">\n\t\t\t\t<div class=\"elementor-widget-container\">\n\t\t\t\t\t<h2 class=\"elementor-heading-title elementor-size-default\">Ein kurzer Blick in den Leitfaden\n<\/h2>\t\t\t\t<\/div>\n\t\t\t\t<\/div>\n\t\t\t\t<div class=\"elementor-element elementor-element-40006e1 elementor-widget elementor-widget-text-editor\" data-id=\"40006e1\" data-element_type=\"widget\" data-e-type=\"widget\" data-widget_type=\"text-editor.default\">\n\t\t\t\t<div class=\"elementor-widget-container\">\n\t\t\t\t\t\t\t\t\t<p>Mit einer starken Content Supply Chain Plattform kannst du viele wichtige Herausforderungen, wie etwa die Reduktion von Suchaufw\u00e4nden, bew\u00e4ltigen und sicherstellen, dass die Arbeit optimal verteilt wird, dass Kreativteams wissen, was wann zu tun ist und dass der Prozess reibungslos abl\u00e4uft.<br \/>Noch wichtiger ist, dass du die Kosten f\u00fcr die Produktion von Content senken, die Performance von Marketingkampagnen und den damit verbundenen Aktivit\u00e4ten steigern, den Umsatz erh\u00f6hen und unn\u00f6tige Ausgaben aufgrund von K\u00fcndigungen oder anderen Faktoren vermeiden kannst.<\/p><p>Das wiederum bedeutet mehr verdientes und gespartes Geld und einen positiven Netto-ROI.<\/p><p>Was dich erwartet:<\/p><ul><li>Content Supply Chain und Umsatz<\/li><li>Sechs Herausforderungen bei der Content-Produktion und -Verwaltung, die den Umsatz beeintr\u00e4chtigen<\/li><li>Lange Suchzeiten<\/li><li>Doppelte Projektarbeit<\/li><li>Schlechte Projektentscheidungen<\/li><li>Falsche Ressourcenzuteilung<\/li><li>Engp\u00e4sse bei der Content-Erstellung<\/li><li>Konflikte im Team<\/li><\/ul>\t\t\t\t\t\t\t\t<\/div>\n\t\t\t\t<\/div>\n\t\t\t\t\t<\/div>\n\t\t<\/div>\n\t\t\t\t\t<\/div>\n\t\t<\/section>\n\t\t\t\t<section class=\"elementor-section elementor-top-section elementor-element elementor-element-5c0912f elementor-section-boxed elementor-section-height-default elementor-section-height-default\" data-id=\"5c0912f\" data-element_type=\"section\" data-e-type=\"section\" id=\"guide\" data-settings=\"{&quot;background_background&quot;:&quot;classic&quot;}\">\n\t\t\t\t\t\t<div class=\"elementor-container elementor-column-gap-default\">\n\t\t\t\t\t<div class=\"elementor-column elementor-col-100 elementor-top-column elementor-element elementor-element-89e0216\" data-id=\"89e0216\" data-element_type=\"column\" data-e-type=\"column\">\n\t\t\t<div class=\"elementor-widget-wrap elementor-element-populated\">\n\t\t\t\t\t\t<section class=\"elementor-section elementor-inner-section elementor-element elementor-element-7d7a0d5 elementor-section-boxed elementor-section-height-default elementor-section-height-default\" data-id=\"7d7a0d5\" data-element_type=\"section\" data-e-type=\"section\">\n\t\t\t\t\t\t<div class=\"elementor-container elementor-column-gap-default\">\n\t\t\t\t\t<div class=\"elementor-column elementor-col-50 elementor-inner-column elementor-element elementor-element-9f3d42d\" data-id=\"9f3d42d\" data-element_type=\"column\" data-e-type=\"column\">\n\t\t\t<div class=\"elementor-widget-wrap elementor-element-populated\">\n\t\t\t\t\t\t<div class=\"elementor-element elementor-element-9a3576f elementor-hidden-mobile elementor-widget elementor-widget-image\" data-id=\"9a3576f\" data-element_type=\"widget\" data-e-type=\"widget\" data-widget_type=\"image.default\">\n\t\t\t\t<div class=\"elementor-widget-container\">\n\t\t\t\t\t\t\t\t\t\t\t\t\t\t\t<img decoding=\"async\" width=\"800\" height=\"523\" src=\"https:\/\/www.celum.com\/de\/wp-content\/uploads\/sites\/3\/2025\/06\/CSC-ROI-eBook-Mockup-1024x669.png\" class=\"attachment-large size-large wp-image-35542\" alt=\"\" srcset=\"https:\/\/www.celum.com\/de\/wp-content\/uploads\/sites\/3\/2025\/06\/CSC-ROI-eBook-Mockup-1024x669.png 1024w, https:\/\/www.celum.com\/de\/wp-content\/uploads\/sites\/3\/2025\/06\/CSC-ROI-eBook-Mockup-300x196.png 300w, https:\/\/www.celum.com\/de\/wp-content\/uploads\/sites\/3\/2025\/06\/CSC-ROI-eBook-Mockup-768x502.png 768w, https:\/\/www.celum.com\/de\/wp-content\/uploads\/sites\/3\/2025\/06\/CSC-ROI-eBook-Mockup-1536x1004.png 1536w, https:\/\/www.celum.com\/de\/wp-content\/uploads\/sites\/3\/2025\/06\/CSC-ROI-eBook-Mockup.png 1920w\" sizes=\"(max-width: 800px) 100vw, 800px\" \/>\t\t\t\t\t\t\t\t\t\t\t\t\t\t\t<\/div>\n\t\t\t\t<\/div>\n\t\t\t\t\t<\/div>\n\t\t<\/div>\n\t\t\t\t<div class=\"elementor-column elementor-col-50 elementor-inner-column elementor-element elementor-element-ef7365d\" data-id=\"ef7365d\" data-element_type=\"column\" data-e-type=\"column\">\n\t\t\t<div class=\"elementor-widget-wrap elementor-element-populated\">\n\t\t\t\t\t\t<div class=\"elementor-element elementor-element-fca9711 elementor-widget elementor-widget-li-widgets--hbspt-form\" data-id=\"fca9711\" data-element_type=\"widget\" data-e-type=\"widget\" data-widget_type=\"li-widgets--hbspt-form.default\">\n\t\t\t\t<div class=\"elementor-widget-container\">\n\t\t\t\t\t<div class=\"li-widgets--hbspt-form\">\n            <div class=\"hbspt-form\" data-form-config='{\"region\":\"na1\",\"portalId\":\"5064577\",\"formId\":\"8fe3a9dc-d7a1-453f-a4ac-bf4a1684b7d2\"}' data-element-id=\".elementor-element-fca9711\"><\/div>\n    <\/div>\t\t\t\t<\/div>\n\t\t\t\t<\/div>\n\t\t\t\t\t<\/div>\n\t\t<\/div>\n\t\t\t\t\t<\/div>\n\t\t<\/section>\n\t\t\t\t\t<\/div>\n\t\t<\/div>\n\t\t\t\t\t<\/div>\n\t\t<\/section>\n\t\t\t\t<\/div>\n\t\t","protected":false},"excerpt":{"rendered":"<p>Lernen Sie detaillierte Einblicke und bew\u00e4hrte Strategien, die Ihrem Unternehmen helfen, Ihr Team zu st\u00e4rken und neue M\u00f6glichkeiten zu erschlie\u00dfen.<\/p>\n","protected":false},"author":60,"featured_media":0,"parent":0,"menu_order":0,"comment_status":"closed","ping_status":"closed","template":"","meta":{"_acf_changed":false,"inline_featured_image":false,"footnotes":""},"folder":[210,175],"class_list":["post-35541","page","type-page","status-publish","hentry"],"yoast_head":"<!-- This site is optimized with the Yoast SEO Premium plugin v24.6 (Yoast SEO v27.5) - https:\/\/yoast.com\/product\/yoast-seo-premium-wordpress\/ -->\n<title>Leitfaden: Content Supply Chain Management Software ROI<\/title>\n<meta name=\"description\" content=\"Lernen Sie detaillierte Einblicke und bew\u00e4hrte Strategien, die Ihrem Unternehmen helfen, Ihr Team zu st\u00e4rken und neue M\u00f6glichkeiten zu erschlie\u00dfen.\" \/>\n<meta name=\"robots\" content=\"index, follow, max-snippet:-1, max-image-preview:large, max-video-preview:-1\" \/>\n<link rel=\"canonical\" href=\"https:\/\/www.celum.com\/de\/guide-content-supply-chain-management-software-roi\/\" \/>\n<meta property=\"og:locale\" content=\"de_DE\" \/>\n<meta property=\"og:type\" content=\"article\" \/>\n<meta property=\"og:title\" content=\"Leitfaden: Content Supply Chain Management Software ROI\" \/>\n<meta property=\"og:description\" content=\"Lernen Sie detaillierte Einblicke und bew\u00e4hrte Strategien, die Ihrem Unternehmen helfen, Ihr Team zu st\u00e4rken und neue M\u00f6glichkeiten zu erschlie\u00dfen.\" \/>\n<meta property=\"og:url\" content=\"https:\/\/www.celum.com\/de\/guide-content-supply-chain-management-software-roi\/\" \/>\n<meta property=\"og:site_name\" content=\"Celum\" \/>\n<meta property=\"article:publisher\" content=\"https:\/\/www.facebook.com\/celumcorporate\/\" \/>\n<meta property=\"article:modified_time\" content=\"2025-06-24T14:32:23+00:00\" \/>\n<meta property=\"og:image\" content=\"https:\/\/www.celum.com\/de\/wp-content\/uploads\/sites\/3\/2025\/06\/CSC-ROI-eBook-Mockup.png\" \/>\n\t<meta property=\"og:image:width\" content=\"1920\" \/>\n\t<meta property=\"og:image:height\" content=\"1255\" \/>\n\t<meta property=\"og:image:type\" content=\"image\/png\" \/>\n<meta name=\"twitter:card\" content=\"summary_large_image\" \/>\n<meta name=\"twitter:site\" content=\"@CELUM\" \/>\n<meta name=\"twitter:label1\" content=\"Gesch\u00e4tzte Lesezeit\" \/>\n\t<meta name=\"twitter:data1\" content=\"3\u00a0Minuten\" \/>\n<script type=\"application\/ld+json\" class=\"yoast-schema-graph\">{\"@context\":\"https:\\\/\\\/schema.org\",\"@graph\":[{\"@type\":\"WebPage\",\"@id\":\"https:\\\/\\\/www.celum.com\\\/de\\\/guide-content-supply-chain-management-software-roi\\\/\",\"url\":\"https:\\\/\\\/www.celum.com\\\/de\\\/guide-content-supply-chain-management-software-roi\\\/\",\"name\":\"Leitfaden: Content Supply Chain Management Software ROI\",\"isPartOf\":{\"@id\":\"https:\\\/\\\/www.celum.com\\\/de\\\/#website\"},\"primaryImageOfPage\":{\"@id\":\"https:\\\/\\\/www.celum.com\\\/de\\\/guide-content-supply-chain-management-software-roi\\\/#primaryimage\"},\"image\":{\"@id\":\"https:\\\/\\\/www.celum.com\\\/de\\\/guide-content-supply-chain-management-software-roi\\\/#primaryimage\"},\"thumbnailUrl\":\"https:\\\/\\\/www.celum.com\\\/de\\\/wp-content\\\/uploads\\\/sites\\\/3\\\/2023\\\/02\\\/NEW-Dark.svg\",\"datePublished\":\"2025-06-24T13:53:24+00:00\",\"dateModified\":\"2025-06-24T14:32:23+00:00\",\"description\":\"Lernen Sie detaillierte Einblicke und bew\u00e4hrte Strategien, die Ihrem Unternehmen helfen, Ihr Team zu st\u00e4rken und neue M\u00f6glichkeiten zu erschlie\u00dfen.\",\"inLanguage\":\"de\",\"potentialAction\":[{\"@type\":\"ReadAction\",\"target\":[\"https:\\\/\\\/www.celum.com\\\/de\\\/guide-content-supply-chain-management-software-roi\\\/\"]}]},{\"@type\":\"ImageObject\",\"inLanguage\":\"de\",\"@id\":\"https:\\\/\\\/www.celum.com\\\/de\\\/guide-content-supply-chain-management-software-roi\\\/#primaryimage\",\"url\":\"https:\\\/\\\/www.celum.com\\\/de\\\/wp-content\\\/uploads\\\/sites\\\/3\\\/2023\\\/02\\\/NEW-Dark.svg\",\"contentUrl\":\"https:\\\/\\\/www.celum.com\\\/de\\\/wp-content\\\/uploads\\\/sites\\\/3\\\/2023\\\/02\\\/NEW-Dark.svg\",\"width\":239,\"height\":218},{\"@type\":\"WebSite\",\"@id\":\"https:\\\/\\\/www.celum.com\\\/de\\\/#website\",\"url\":\"https:\\\/\\\/www.celum.com\\\/de\\\/\",\"name\":\"CELUM\",\"description\":\"Make Brands. Sell Products.\",\"publisher\":{\"@id\":\"https:\\\/\\\/www.celum.com\\\/de\\\/#organization\"},\"potentialAction\":[{\"@type\":\"SearchAction\",\"target\":{\"@type\":\"EntryPoint\",\"urlTemplate\":\"https:\\\/\\\/www.celum.com\\\/de\\\/?s={search_term_string}\"},\"query-input\":{\"@type\":\"PropertyValueSpecification\",\"valueRequired\":true,\"valueName\":\"search_term_string\"}}],\"inLanguage\":\"de\"},{\"@type\":\"Organization\",\"@id\":\"https:\\\/\\\/www.celum.com\\\/de\\\/#organization\",\"name\":\"CELUM\",\"url\":\"https:\\\/\\\/www.celum.com\\\/de\\\/\",\"logo\":{\"@type\":\"ImageObject\",\"inLanguage\":\"de\",\"@id\":\"https:\\\/\\\/www.celum.com\\\/de\\\/#\\\/schema\\\/logo\\\/image\\\/\",\"url\":\"https:\\\/\\\/www.celum.com\\\/de\\\/wp-content\\\/uploads\\\/sites\\\/3\\\/2021\\\/01\\\/celum-header-logo.svg\",\"contentUrl\":\"https:\\\/\\\/www.celum.com\\\/de\\\/wp-content\\\/uploads\\\/sites\\\/3\\\/2021\\\/01\\\/celum-header-logo.svg\",\"width\":1,\"height\":1,\"caption\":\"CELUM\"},\"image\":{\"@id\":\"https:\\\/\\\/www.celum.com\\\/de\\\/#\\\/schema\\\/logo\\\/image\\\/\"},\"sameAs\":[\"https:\\\/\\\/www.facebook.com\\\/celumcorporate\\\/\",\"https:\\\/\\\/x.com\\\/CELUM\",\"https:\\\/\\\/www.instagram.com\\\/celum_life\\\/\",\"https:\\\/\\\/www.linkedin.com\\\/company\\\/328144\\\/\",\"https:\\\/\\\/www.youtube.com\\\/user\\\/celumTV\\\/\"]}]}<\/script>\n<!-- \/ Yoast SEO Premium plugin. -->","yoast_head_json":{"title":"Leitfaden: Content Supply Chain Management Software ROI","description":"Lernen Sie detaillierte Einblicke und bew\u00e4hrte Strategien, die Ihrem Unternehmen helfen, Ihr Team zu st\u00e4rken und neue M\u00f6glichkeiten zu erschlie\u00dfen.","robots":{"index":"index","follow":"follow","max-snippet":"max-snippet:-1","max-image-preview":"max-image-preview:large","max-video-preview":"max-video-preview:-1"},"canonical":"https:\/\/www.celum.com\/de\/guide-content-supply-chain-management-software-roi\/","og_locale":"de_DE","og_type":"article","og_title":"Leitfaden: Content Supply Chain Management Software ROI","og_description":"Lernen Sie detaillierte Einblicke und bew\u00e4hrte Strategien, die Ihrem Unternehmen helfen, Ihr Team zu st\u00e4rken und neue M\u00f6glichkeiten zu erschlie\u00dfen.","og_url":"https:\/\/www.celum.com\/de\/guide-content-supply-chain-management-software-roi\/","og_site_name":"Celum","article_publisher":"https:\/\/www.facebook.com\/celumcorporate\/","article_modified_time":"2025-06-24T14:32:23+00:00","og_image":[{"width":1920,"height":1255,"url":"https:\/\/www.celum.com\/de\/wp-content\/uploads\/sites\/3\/2025\/06\/CSC-ROI-eBook-Mockup.png","type":"image\/png"}],"twitter_card":"summary_large_image","twitter_site":"@CELUM","twitter_misc":{"Gesch\u00e4tzte Lesezeit":"3\u00a0Minuten"},"schema":{"@context":"https:\/\/schema.org","@graph":[{"@type":"WebPage","@id":"https:\/\/www.celum.com\/de\/guide-content-supply-chain-management-software-roi\/","url":"https:\/\/www.celum.com\/de\/guide-content-supply-chain-management-software-roi\/","name":"Leitfaden: Content Supply Chain Management Software ROI","isPartOf":{"@id":"https:\/\/www.celum.com\/de\/#website"},"primaryImageOfPage":{"@id":"https:\/\/www.celum.com\/de\/guide-content-supply-chain-management-software-roi\/#primaryimage"},"image":{"@id":"https:\/\/www.celum.com\/de\/guide-content-supply-chain-management-software-roi\/#primaryimage"},"thumbnailUrl":"https:\/\/www.celum.com\/de\/wp-content\/uploads\/sites\/3\/2023\/02\/NEW-Dark.svg","datePublished":"2025-06-24T13:53:24+00:00","dateModified":"2025-06-24T14:32:23+00:00","description":"Lernen Sie detaillierte Einblicke und bew\u00e4hrte Strategien, die Ihrem Unternehmen helfen, Ihr Team zu st\u00e4rken und neue M\u00f6glichkeiten zu erschlie\u00dfen.","inLanguage":"de","potentialAction":[{"@type":"ReadAction","target":["https:\/\/www.celum.com\/de\/guide-content-supply-chain-management-software-roi\/"]}]},{"@type":"ImageObject","inLanguage":"de","@id":"https:\/\/www.celum.com\/de\/guide-content-supply-chain-management-software-roi\/#primaryimage","url":"https:\/\/www.celum.com\/de\/wp-content\/uploads\/sites\/3\/2023\/02\/NEW-Dark.svg","contentUrl":"https:\/\/www.celum.com\/de\/wp-content\/uploads\/sites\/3\/2023\/02\/NEW-Dark.svg","width":239,"height":218},{"@type":"WebSite","@id":"https:\/\/www.celum.com\/de\/#website","url":"https:\/\/www.celum.com\/de\/","name":"CELUM","description":"Make Brands. Sell Products.","publisher":{"@id":"https:\/\/www.celum.com\/de\/#organization"},"potentialAction":[{"@type":"SearchAction","target":{"@type":"EntryPoint","urlTemplate":"https:\/\/www.celum.com\/de\/?s={search_term_string}"},"query-input":{"@type":"PropertyValueSpecification","valueRequired":true,"valueName":"search_term_string"}}],"inLanguage":"de"},{"@type":"Organization","@id":"https:\/\/www.celum.com\/de\/#organization","name":"CELUM","url":"https:\/\/www.celum.com\/de\/","logo":{"@type":"ImageObject","inLanguage":"de","@id":"https:\/\/www.celum.com\/de\/#\/schema\/logo\/image\/","url":"https:\/\/www.celum.com\/de\/wp-content\/uploads\/sites\/3\/2021\/01\/celum-header-logo.svg","contentUrl":"https:\/\/www.celum.com\/de\/wp-content\/uploads\/sites\/3\/2021\/01\/celum-header-logo.svg","width":1,"height":1,"caption":"CELUM"},"image":{"@id":"https:\/\/www.celum.com\/de\/#\/schema\/logo\/image\/"},"sameAs":["https:\/\/www.facebook.com\/celumcorporate\/","https:\/\/x.com\/CELUM","https:\/\/www.instagram.com\/celum_life\/","https:\/\/www.linkedin.com\/company\/328144\/","https:\/\/www.youtube.com\/user\/celumTV\/"]}]}},"acf":[],"_links":{"self":[{"href":"https:\/\/www.celum.com\/de\/wp-json\/wp\/v2\/pages\/35541","targetHints":{"allow":["GET"]}}],"collection":[{"href":"https:\/\/www.celum.com\/de\/wp-json\/wp\/v2\/pages"}],"about":[{"href":"https:\/\/www.celum.com\/de\/wp-json\/wp\/v2\/types\/page"}],"author":[{"embeddable":true,"href":"https:\/\/www.celum.com\/de\/wp-json\/wp\/v2\/users\/60"}],"replies":[{"embeddable":true,"href":"https:\/\/www.celum.com\/de\/wp-json\/wp\/v2\/comments?post=35541"}],"version-history":[{"count":11,"href":"https:\/\/www.celum.com\/de\/wp-json\/wp\/v2\/pages\/35541\/revisions"}],"predecessor-version":[{"id":35554,"href":"https:\/\/www.celum.com\/de\/wp-json\/wp\/v2\/pages\/35541\/revisions\/35554"}],"wp:attachment":[{"href":"https:\/\/www.celum.com\/de\/wp-json\/wp\/v2\/media?parent=35541"}],"wp:term":[{"taxonomy":"folder","embeddable":true,"href":"https:\/\/www.celum.com\/de\/wp-json\/wp\/v2\/folder?post=35541"}],"curies":[{"name":"wp","href":"https:\/\/api.w.org\/{rel}","templated":true}]}}