{"id":37244,"date":"2025-12-09T13:09:04","date_gmt":"2025-12-09T12:09:04","guid":{"rendered":"https:\/\/www.celum.com\/de\/?page_id=37244"},"modified":"2025-12-09T13:09:04","modified_gmt":"2025-12-09T12:09:04","slug":"kostenlos-fuer-content-collaboration-anmelden","status":"publish","type":"page","link":"https:\/\/www.celum.com\/de\/kostenlos-fuer-content-collaboration-anmelden\/","title":{"rendered":"Kostenlos f\u00fcr Content Collaboration anmelden"},"content":{"rendered":"\t\t<div data-elementor-type=\"wp-page\" data-elementor-id=\"37244\" class=\"elementor elementor-37244\" data-elementor-post-type=\"page\">\n\t\t\t\t<div class=\"elementor-element elementor-element-a16918c e-con-full e-flex e-con e-parent\" data-id=\"a16918c\" data-element_type=\"container\" data-e-type=\"container\" data-settings=\"{&quot;background_background&quot;:&quot;classic&quot;}\">\n\t\t<div class=\"elementor-element elementor-element-d63cd98 e-con-full e-flex e-con e-child\" data-id=\"d63cd98\" data-element_type=\"container\" data-e-type=\"container\" data-settings=\"{&quot;background_background&quot;:&quot;gradient&quot;}\">\n\t\t\t\t<div class=\"elementor-element elementor-element-3f777e9 elementor-widget elementor-widget-image\" data-id=\"3f777e9\" data-element_type=\"widget\" data-e-type=\"widget\" data-widget_type=\"image.default\">\n\t\t\t\t<div class=\"elementor-widget-container\">\n\t\t\t\t\t\t\t\t\t\t\t\t\t\t\t<img fetchpriority=\"high\" decoding=\"async\" width=\"300\" height=\"189\" src=\"https:\/\/www.celum.com\/de\/wp-content\/uploads\/sites\/3\/2024\/04\/CELUM-Logo-White-1-300x189.png\" class=\"attachment-medium size-medium wp-image-28906\" alt=\"\" srcset=\"https:\/\/www.celum.com\/de\/wp-content\/uploads\/sites\/3\/2024\/04\/CELUM-Logo-White-1-300x189.png 300w, https:\/\/www.celum.com\/de\/wp-content\/uploads\/sites\/3\/2024\/04\/CELUM-Logo-White-1.png 596w\" sizes=\"(max-width: 300px) 100vw, 300px\" \/>\t\t\t\t\t\t\t\t\t\t\t\t\t\t\t<\/div>\n\t\t\t\t<\/div>\n\t\t<div class=\"elementor-element elementor-element-fca2922 e-flex e-con-boxed e-con e-child\" data-id=\"fca2922\" data-element_type=\"container\" data-e-type=\"container\">\n\t\t\t\t\t<div class=\"e-con-inner\">\n\t\t\t\t<div class=\"elementor-element elementor-element-7447416 elementor-widget elementor-widget-heading\" data-id=\"7447416\" data-element_type=\"widget\" data-e-type=\"widget\" data-widget_type=\"heading.default\">\n\t\t\t\t<div class=\"elementor-widget-container\">\n\t\t\t\t\t<h2 class=\"elementor-heading-title elementor-size-default\">Content collaboration F\u00fcr F\u00fchrende Marken<\/h2>\t\t\t\t<\/div>\n\t\t\t\t<\/div>\n\t\t\t\t<div class=\"elementor-element elementor-element-a73e385 elementor-icon-list--layout-inline elementor-align-start elementor-list-item-link-full_width elementor-widget elementor-widget-icon-list\" data-id=\"a73e385\" data-element_type=\"widget\" data-e-type=\"widget\" data-widget_type=\"icon-list.default\">\n\t\t\t\t<div class=\"elementor-widget-container\">\n\t\t\t\t\t\t\t<ul class=\"elementor-icon-list-items elementor-inline-items\">\n\t\t\t\t\t\t\t<li class=\"elementor-icon-list-item elementor-inline-item\">\n\t\t\t\t\t\t\t\t\t\t\t<span class=\"elementor-icon-list-icon\">\n\t\t\t\t\t\t\t<i aria-hidden=\"true\" class=\"fas fa-check\"><\/i>\t\t\t\t\t\t<\/span>\n\t\t\t\t\t\t\t\t\t\t<span class=\"elementor-icon-list-text\">Beschleunige Freigabeprozesse<\/span>\n\t\t\t\t\t\t\t\t\t<\/li>\n\t\t\t\t\t\t\t\t<li class=\"elementor-icon-list-item elementor-inline-item\">\n\t\t\t\t\t\t\t\t\t\t\t<span class=\"elementor-icon-list-icon\">\n\t\t\t\t\t\t\t<i aria-hidden=\"true\" class=\"fas fa-check\"><\/i>\t\t\t\t\t\t<\/span>\n\t\t\t\t\t\t\t\t\t\t<span class=\"elementor-icon-list-text\">Optimiere die Content-Produktion <\/span>\n\t\t\t\t\t\t\t\t\t<\/li>\n\t\t\t\t\t\t\t\t<li class=\"elementor-icon-list-item elementor-inline-item\">\n\t\t\t\t\t\t\t\t\t\t\t<span class=\"elementor-icon-list-icon\">\n\t\t\t\t\t\t\t<i aria-hidden=\"true\" class=\"fas fa-check\"><\/i>\t\t\t\t\t\t<\/span>\n\t\t\t\t\t\t\t\t\t\t<span class=\"elementor-icon-list-text\">Bringe dein Team, Freelancer und Agenturen zusammen<\/span>\n\t\t\t\t\t\t\t\t\t<\/li>\n\t\t\t\t\t\t<\/ul>\n\t\t\t\t\t\t<\/div>\n\t\t\t\t<\/div>\n\t\t\t\t<div class=\"elementor-element elementor-element-04289da elementor-widget elementor-widget-text-editor\" data-id=\"04289da\" data-element_type=\"widget\" data-e-type=\"widget\" data-widget_type=\"text-editor.default\">\n\t\t\t\t<div class=\"elementor-widget-container\">\n\t\t\t\t\t\t\t\t\t<p>Marketing-, Design- und Produktteams von +300 globalen Marken vertrauen auf CELUM.<\/p>\t\t\t\t\t\t\t\t<\/div>\n\t\t\t\t<\/div>\n\t\t\t\t<div class=\"elementor-element elementor-element-17331b6 dc-has-condition dc-condition-not_equal elementor-widget__width-inherit elementor-widget elementor-widget-image-carousel\" data-id=\"17331b6\" data-element_type=\"widget\" data-e-type=\"widget\" data-settings=\"{&quot;slides_to_show&quot;:&quot;2&quot;,&quot;slides_to_show_tablet&quot;:&quot;1&quot;,&quot;slides_to_show_mobile&quot;:&quot;2&quot;,&quot;navigation&quot;:&quot;none&quot;,&quot;image_spacing_custom&quot;:{&quot;unit&quot;:&quot;px&quot;,&quot;size&quot;:60,&quot;sizes&quot;:[]},&quot;slides_to_scroll&quot;:&quot;1&quot;,&quot;lazyload&quot;:&quot;yes&quot;,&quot;pause_on_hover&quot;:&quot;no&quot;,&quot;pause_on_interaction&quot;:&quot;no&quot;,&quot;autoplay_speed&quot;:0,&quot;speed&quot;:5000,&quot;autoplay&quot;:&quot;yes&quot;,&quot;infinite&quot;:&quot;yes&quot;,&quot;image_spacing_custom_mobile&quot;:{&quot;unit&quot;:&quot;px&quot;,&quot;size&quot;:&quot;&quot;,&quot;sizes&quot;:[]}}\" data-widget_type=\"image-carousel.default\">\n\t\t\t\t<div class=\"elementor-widget-container\">\n\t\t\t\t\t\t\t<div class=\"elementor-image-carousel-wrapper swiper\" role=\"region\" aria-roledescription=\"carousel\" aria-label=\"Image Carousel\" dir=\"ltr\">\n\t\t\t<div class=\"elementor-image-carousel swiper-wrapper\" aria-live=\"off\">\n\t\t\t\t\t\t\t\t<div class=\"swiper-slide\" role=\"group\" aria-roledescription=\"slide\" aria-label=\"1 von 6\"><figure class=\"swiper-slide-inner\"><img class=\"swiper-slide-image swiper-lazy\" data-src=\"https:\/\/www.celum.com\/de\/wp-content\/uploads\/sites\/3\/2024\/01\/essity.png\" alt=\"essity.png\" \/><div class=\"swiper-lazy-preloader\"><\/div><\/figure><\/div><div class=\"swiper-slide\" role=\"group\" aria-roledescription=\"slide\" aria-label=\"2 von 6\"><figure class=\"swiper-slide-inner\"><img class=\"swiper-slide-image swiper-lazy\" data-src=\"https:\/\/www.celum.com\/de\/wp-content\/uploads\/sites\/3\/2024\/01\/danfoss.png\" alt=\"danfoss.png\" \/><div class=\"swiper-lazy-preloader\"><\/div><\/figure><\/div><div class=\"swiper-slide\" role=\"group\" aria-roledescription=\"slide\" aria-label=\"3 von 6\"><figure class=\"swiper-slide-inner\"><img class=\"swiper-slide-image swiper-lazy\" data-src=\"https:\/\/www.celum.com\/de\/wp-content\/uploads\/sites\/3\/2025\/10\/Mitsubishi_Electric_logo_white.png\" alt=\"Mitsubishi_Electric_logo_white\" \/><div class=\"swiper-lazy-preloader\"><\/div><\/figure><\/div><div class=\"swiper-slide\" role=\"group\" aria-roledescription=\"slide\" aria-label=\"4 von 6\"><figure class=\"swiper-slide-inner\"><img class=\"swiper-slide-image swiper-lazy\" data-src=\"https:\/\/www.celum.com\/de\/wp-content\/uploads\/sites\/3\/2025\/08\/meganta-logo_white.png\" alt=\"meganta logo_white\" \/><div class=\"swiper-lazy-preloader\"><\/div><\/figure><\/div><div class=\"swiper-slide\" role=\"group\" aria-roledescription=\"slide\" aria-label=\"5 von 6\"><figure class=\"swiper-slide-inner\"><img class=\"swiper-slide-image swiper-lazy\" data-src=\"https:\/\/www.celum.com\/de\/wp-content\/uploads\/sites\/3\/2023\/08\/Claas.svg?ver=1747221560\" alt=\"Claas.svg\" \/><div class=\"swiper-lazy-preloader\"><\/div><\/figure><\/div><div class=\"swiper-slide\" role=\"group\" aria-roledescription=\"slide\" aria-label=\"6 von 6\"><figure class=\"swiper-slide-inner\"><img class=\"swiper-slide-image swiper-lazy\" data-src=\"https:\/\/www.celum.com\/de\/wp-content\/uploads\/sites\/3\/2025\/05\/Logo_shopapotheke-new-white-.svg\" alt=\"Logo_shopapotheke new white\" \/><div class=\"swiper-lazy-preloader\"><\/div><\/figure><\/div>\t\t\t<\/div>\n\t\t\t\t\t\t\t\n\t\t\t\t\t\t\t\t\t<\/div>\n\t\t\t\t\t\t<\/div>\n\t\t\t\t<\/div>\n\t\t\t\t\t<\/div>\n\t\t\t\t<\/div>\n\t\t\t\t<\/div>\n\t\t<div class=\"elementor-element elementor-element-d2b69d8 e-con-full e-flex e-con e-child\" data-id=\"d2b69d8\" data-element_type=\"container\" data-e-type=\"container\">\n\t\t\t\t<div class=\"elementor-element elementor-element-55960d2 elementor-widget elementor-widget-li-widgets--hbspt-form\" data-id=\"55960d2\" data-element_type=\"widget\" data-e-type=\"widget\" data-widget_type=\"li-widgets--hbspt-form.default\">\n\t\t\t\t<div class=\"elementor-widget-container\">\n\t\t\t\t\t<div class=\"li-widgets--hbspt-form\">\n            <div class=\"hbspt-form\" data-form-config='{\"region\":\"na1\",\"portalId\":\"5064577\",\"formId\":\"1cab895e-1cfa-4823-9a58-c2ef0d4c72a8\"}' data-element-id=\".elementor-element-55960d2\"><\/div>\n    <\/div>\t\t\t\t<\/div>\n\t\t\t\t<\/div>\n\t\t\t\t<\/div>\n\t\t\t\t<\/div>\n\t\t\t\t<\/div>\n\t\t","protected":false},"excerpt":{"rendered":"<p>Content collaboration F\u00fcr F\u00fchrende Marken Beschleunige Freigabeprozesse Optimiere die Content-Produktion Bringe dein Team, Freelancer und Agenturen zusammen Marketing-, Design- und Produktteams von +300 globalen Marken vertrauen auf CELUM.<\/p>\n","protected":false},"author":60,"featured_media":0,"parent":0,"menu_order":0,"comment_status":"closed","ping_status":"closed","template":"","meta":{"_acf_changed":false,"inline_featured_image":false,"footnotes":""},"folder":[],"class_list":["post-37244","page","type-page","status-publish","hentry"],"yoast_head":"<!-- This site is optimized with the Yoast SEO Premium plugin v24.6 (Yoast SEO v27.5) - https:\/\/yoast.com\/product\/yoast-seo-premium-wordpress\/ -->\n<title>Kostenlos f\u00fcr Content Collaboration anmelden<\/title>\n<meta name=\"description\" content=\"Content collaboration F\u00fcr F\u00fchrende Marken Beschleunige Freigabeprozesse Optimiere die Content-Produktion Bringe dein Team, Freelancer und Agenturen\" \/>\n<meta name=\"robots\" content=\"index, follow, max-snippet:-1, max-image-preview:large, max-video-preview:-1\" \/>\n<link rel=\"canonical\" href=\"https:\/\/www.celum.com\/de\/kostenlos-fuer-content-collaboration-anmelden\/\" \/>\n<meta property=\"og:locale\" content=\"de_DE\" \/>\n<meta property=\"og:type\" content=\"article\" \/>\n<meta property=\"og:title\" content=\"Kostenlos f\u00fcr Content Collaboration anmelden\" \/>\n<meta property=\"og:description\" content=\"Content collaboration F\u00fcr F\u00fchrende Marken Beschleunige Freigabeprozesse Optimiere die Content-Produktion Bringe dein Team, Freelancer und Agenturen\" \/>\n<meta property=\"og:url\" content=\"https:\/\/www.celum.com\/de\/kostenlos-fuer-content-collaboration-anmelden\/\" \/>\n<meta property=\"og:site_name\" content=\"Celum\" \/>\n<meta property=\"article:publisher\" content=\"https:\/\/www.facebook.com\/celumcorporate\/\" \/>\n<meta property=\"og:image\" content=\"https:\/\/www.celum.com\/de\/wp-content\/uploads\/sites\/3\/2024\/04\/CELUM-Logo-White-1-300x189.png\" \/>\n<meta name=\"twitter:card\" content=\"summary_large_image\" \/>\n<meta name=\"twitter:site\" content=\"@CELUM\" \/>\n<meta name=\"twitter:label1\" content=\"Gesch\u00e4tzte Lesezeit\" \/>\n\t<meta name=\"twitter:data1\" content=\"2\u00a0Minuten\" \/>\n<script type=\"application\/ld+json\" class=\"yoast-schema-graph\">{\"@context\":\"https:\\\/\\\/schema.org\",\"@graph\":[{\"@type\":\"WebPage\",\"@id\":\"https:\\\/\\\/www.celum.com\\\/de\\\/kostenlos-fuer-content-collaboration-anmelden\\\/\",\"url\":\"https:\\\/\\\/www.celum.com\\\/de\\\/kostenlos-fuer-content-collaboration-anmelden\\\/\",\"name\":\"Kostenlos f\u00fcr Content Collaboration anmelden\",\"isPartOf\":{\"@id\":\"https:\\\/\\\/www.celum.com\\\/de\\\/#website\"},\"primaryImageOfPage\":{\"@id\":\"https:\\\/\\\/www.celum.com\\\/de\\\/kostenlos-fuer-content-collaboration-anmelden\\\/#primaryimage\"},\"image\":{\"@id\":\"https:\\\/\\\/www.celum.com\\\/de\\\/kostenlos-fuer-content-collaboration-anmelden\\\/#primaryimage\"},\"thumbnailUrl\":\"https:\\\/\\\/www.celum.com\\\/de\\\/wp-content\\\/uploads\\\/sites\\\/3\\\/2024\\\/04\\\/CELUM-Logo-White-1-300x189.png\",\"datePublished\":\"2025-12-09T12:09:04+00:00\",\"description\":\"Content collaboration F\u00fcr F\u00fchrende Marken Beschleunige Freigabeprozesse Optimiere die Content-Produktion Bringe dein Team, Freelancer und Agenturen\",\"inLanguage\":\"de\",\"potentialAction\":[{\"@type\":\"ReadAction\",\"target\":[\"https:\\\/\\\/www.celum.com\\\/de\\\/kostenlos-fuer-content-collaboration-anmelden\\\/\"]}]},{\"@type\":\"ImageObject\",\"inLanguage\":\"de\",\"@id\":\"https:\\\/\\\/www.celum.com\\\/de\\\/kostenlos-fuer-content-collaboration-anmelden\\\/#primaryimage\",\"url\":\"https:\\\/\\\/www.celum.com\\\/de\\\/wp-content\\\/uploads\\\/sites\\\/3\\\/2024\\\/04\\\/CELUM-Logo-White-1.png\",\"contentUrl\":\"https:\\\/\\\/www.celum.com\\\/de\\\/wp-content\\\/uploads\\\/sites\\\/3\\\/2024\\\/04\\\/CELUM-Logo-White-1.png\",\"width\":596,\"height\":375},{\"@type\":\"WebSite\",\"@id\":\"https:\\\/\\\/www.celum.com\\\/de\\\/#website\",\"url\":\"https:\\\/\\\/www.celum.com\\\/de\\\/\",\"name\":\"CELUM\",\"description\":\"Make Brands. Sell Products.\",\"publisher\":{\"@id\":\"https:\\\/\\\/www.celum.com\\\/de\\\/#organization\"},\"potentialAction\":[{\"@type\":\"SearchAction\",\"target\":{\"@type\":\"EntryPoint\",\"urlTemplate\":\"https:\\\/\\\/www.celum.com\\\/de\\\/?s={search_term_string}\"},\"query-input\":{\"@type\":\"PropertyValueSpecification\",\"valueRequired\":true,\"valueName\":\"search_term_string\"}}],\"inLanguage\":\"de\"},{\"@type\":\"Organization\",\"@id\":\"https:\\\/\\\/www.celum.com\\\/de\\\/#organization\",\"name\":\"CELUM\",\"url\":\"https:\\\/\\\/www.celum.com\\\/de\\\/\",\"logo\":{\"@type\":\"ImageObject\",\"inLanguage\":\"de\",\"@id\":\"https:\\\/\\\/www.celum.com\\\/de\\\/#\\\/schema\\\/logo\\\/image\\\/\",\"url\":\"https:\\\/\\\/www.celum.com\\\/de\\\/wp-content\\\/uploads\\\/sites\\\/3\\\/2021\\\/01\\\/celum-header-logo.svg\",\"contentUrl\":\"https:\\\/\\\/www.celum.com\\\/de\\\/wp-content\\\/uploads\\\/sites\\\/3\\\/2021\\\/01\\\/celum-header-logo.svg\",\"width\":1,\"height\":1,\"caption\":\"CELUM\"},\"image\":{\"@id\":\"https:\\\/\\\/www.celum.com\\\/de\\\/#\\\/schema\\\/logo\\\/image\\\/\"},\"sameAs\":[\"https:\\\/\\\/www.facebook.com\\\/celumcorporate\\\/\",\"https:\\\/\\\/x.com\\\/CELUM\",\"https:\\\/\\\/www.instagram.com\\\/celum_life\\\/\",\"https:\\\/\\\/www.linkedin.com\\\/company\\\/328144\\\/\",\"https:\\\/\\\/www.youtube.com\\\/user\\\/celumTV\\\/\"]}]}<\/script>\n<!-- \/ Yoast SEO Premium plugin. -->","yoast_head_json":{"title":"Kostenlos f\u00fcr Content Collaboration anmelden","description":"Content collaboration F\u00fcr F\u00fchrende Marken Beschleunige Freigabeprozesse Optimiere die Content-Produktion Bringe dein Team, Freelancer und Agenturen","robots":{"index":"index","follow":"follow","max-snippet":"max-snippet:-1","max-image-preview":"max-image-preview:large","max-video-preview":"max-video-preview:-1"},"canonical":"https:\/\/www.celum.com\/de\/kostenlos-fuer-content-collaboration-anmelden\/","og_locale":"de_DE","og_type":"article","og_title":"Kostenlos f\u00fcr Content Collaboration anmelden","og_description":"Content collaboration F\u00fcr F\u00fchrende Marken Beschleunige Freigabeprozesse Optimiere die Content-Produktion Bringe dein Team, Freelancer und Agenturen","og_url":"https:\/\/www.celum.com\/de\/kostenlos-fuer-content-collaboration-anmelden\/","og_site_name":"Celum","article_publisher":"https:\/\/www.facebook.com\/celumcorporate\/","og_image":[{"url":"https:\/\/www.celum.com\/de\/wp-content\/uploads\/sites\/3\/2024\/04\/CELUM-Logo-White-1-300x189.png","type":"","width":"","height":""}],"twitter_card":"summary_large_image","twitter_site":"@CELUM","twitter_misc":{"Gesch\u00e4tzte Lesezeit":"2\u00a0Minuten"},"schema":{"@context":"https:\/\/schema.org","@graph":[{"@type":"WebPage","@id":"https:\/\/www.celum.com\/de\/kostenlos-fuer-content-collaboration-anmelden\/","url":"https:\/\/www.celum.com\/de\/kostenlos-fuer-content-collaboration-anmelden\/","name":"Kostenlos f\u00fcr Content Collaboration anmelden","isPartOf":{"@id":"https:\/\/www.celum.com\/de\/#website"},"primaryImageOfPage":{"@id":"https:\/\/www.celum.com\/de\/kostenlos-fuer-content-collaboration-anmelden\/#primaryimage"},"image":{"@id":"https:\/\/www.celum.com\/de\/kostenlos-fuer-content-collaboration-anmelden\/#primaryimage"},"thumbnailUrl":"https:\/\/www.celum.com\/de\/wp-content\/uploads\/sites\/3\/2024\/04\/CELUM-Logo-White-1-300x189.png","datePublished":"2025-12-09T12:09:04+00:00","description":"Content collaboration F\u00fcr F\u00fchrende Marken Beschleunige Freigabeprozesse Optimiere die Content-Produktion Bringe dein Team, Freelancer und Agenturen","inLanguage":"de","potentialAction":[{"@type":"ReadAction","target":["https:\/\/www.celum.com\/de\/kostenlos-fuer-content-collaboration-anmelden\/"]}]},{"@type":"ImageObject","inLanguage":"de","@id":"https:\/\/www.celum.com\/de\/kostenlos-fuer-content-collaboration-anmelden\/#primaryimage","url":"https:\/\/www.celum.com\/de\/wp-content\/uploads\/sites\/3\/2024\/04\/CELUM-Logo-White-1.png","contentUrl":"https:\/\/www.celum.com\/de\/wp-content\/uploads\/sites\/3\/2024\/04\/CELUM-Logo-White-1.png","width":596,"height":375},{"@type":"WebSite","@id":"https:\/\/www.celum.com\/de\/#website","url":"https:\/\/www.celum.com\/de\/","name":"CELUM","description":"Make Brands. Sell Products.","publisher":{"@id":"https:\/\/www.celum.com\/de\/#organization"},"potentialAction":[{"@type":"SearchAction","target":{"@type":"EntryPoint","urlTemplate":"https:\/\/www.celum.com\/de\/?s={search_term_string}"},"query-input":{"@type":"PropertyValueSpecification","valueRequired":true,"valueName":"search_term_string"}}],"inLanguage":"de"},{"@type":"Organization","@id":"https:\/\/www.celum.com\/de\/#organization","name":"CELUM","url":"https:\/\/www.celum.com\/de\/","logo":{"@type":"ImageObject","inLanguage":"de","@id":"https:\/\/www.celum.com\/de\/#\/schema\/logo\/image\/","url":"https:\/\/www.celum.com\/de\/wp-content\/uploads\/sites\/3\/2021\/01\/celum-header-logo.svg","contentUrl":"https:\/\/www.celum.com\/de\/wp-content\/uploads\/sites\/3\/2021\/01\/celum-header-logo.svg","width":1,"height":1,"caption":"CELUM"},"image":{"@id":"https:\/\/www.celum.com\/de\/#\/schema\/logo\/image\/"},"sameAs":["https:\/\/www.facebook.com\/celumcorporate\/","https:\/\/x.com\/CELUM","https:\/\/www.instagram.com\/celum_life\/","https:\/\/www.linkedin.com\/company\/328144\/","https:\/\/www.youtube.com\/user\/celumTV\/"]}]}},"acf":[],"_links":{"self":[{"href":"https:\/\/www.celum.com\/de\/wp-json\/wp\/v2\/pages\/37244","targetHints":{"allow":["GET"]}}],"collection":[{"href":"https:\/\/www.celum.com\/de\/wp-json\/wp\/v2\/pages"}],"about":[{"href":"https:\/\/www.celum.com\/de\/wp-json\/wp\/v2\/types\/page"}],"author":[{"embeddable":true,"href":"https:\/\/www.celum.com\/de\/wp-json\/wp\/v2\/users\/60"}],"replies":[{"embeddable":true,"href":"https:\/\/www.celum.com\/de\/wp-json\/wp\/v2\/comments?post=37244"}],"version-history":[{"count":4,"href":"https:\/\/www.celum.com\/de\/wp-json\/wp\/v2\/pages\/37244\/revisions"}],"predecessor-version":[{"id":37248,"href":"https:\/\/www.celum.com\/de\/wp-json\/wp\/v2\/pages\/37244\/revisions\/37248"}],"wp:attachment":[{"href":"https:\/\/www.celum.com\/de\/wp-json\/wp\/v2\/media?parent=37244"}],"wp:term":[{"taxonomy":"folder","embeddable":true,"href":"https:\/\/www.celum.com\/de\/wp-json\/wp\/v2\/folder?post=37244"}],"curies":[{"name":"wp","href":"https:\/\/api.w.org\/{rel}","templated":true}]}}