{"id":5470,"date":"2021-03-23T15:06:02","date_gmt":"2021-03-23T14:06:02","guid":{"rendered":"https:\/\/www.celum.com\/de\/?page_id=5470"},"modified":"2025-07-30T13:44:10","modified_gmt":"2025-07-30T11:44:10","slug":"newsletter","status":"publish","type":"page","link":"https:\/\/www.celum.com\/de\/newsletter\/","title":{"rendered":"Newsletter"},"content":{"rendered":"\t\t<div data-elementor-type=\"wp-page\" data-elementor-id=\"5470\" class=\"elementor elementor-5470\" data-elementor-post-type=\"page\">\n\t\t\t\t\t\t<section class=\"elementor-section elementor-top-section elementor-element elementor-element-713091a6 elementor-section-full_width elementor-section-height-default elementor-section-height-default\" data-id=\"713091a6\" data-element_type=\"section\" data-e-type=\"section\" data-settings=\"{&quot;background_background&quot;:&quot;gradient&quot;}\">\n\t\t\t\t\t\t<div class=\"elementor-container elementor-column-gap-default\">\n\t\t\t\t\t<div class=\"elementor-column elementor-col-100 elementor-top-column elementor-element elementor-element-1dac0685\" data-id=\"1dac0685\" data-element_type=\"column\" data-e-type=\"column\">\n\t\t\t<div class=\"elementor-widget-wrap elementor-element-populated\">\n\t\t\t\t\t\t<div class=\"elementor-element elementor-element-54587431 elementor-widget elementor-widget-text-editor\" data-id=\"54587431\" data-element_type=\"widget\" data-e-type=\"widget\" data-widget_type=\"text-editor.default\">\n\t\t\t\t<div class=\"elementor-widget-container\">\n\t\t\t\t\t\t\t\t\t<p>Jetzt anmelden!<\/p>\t\t\t\t\t\t\t\t<\/div>\n\t\t\t\t<\/div>\n\t\t\t\t\t<\/div>\n\t\t<\/div>\n\t\t\t\t\t<\/div>\n\t\t<\/section>\n\t\t\t\t<section class=\"elementor-section elementor-top-section elementor-element elementor-element-f877ac2 elementor-section-boxed elementor-section-height-default elementor-section-height-default\" data-id=\"f877ac2\" data-element_type=\"section\" data-e-type=\"section\" data-settings=\"{&quot;background_background&quot;:&quot;gradient&quot;}\">\n\t\t\t\t\t\t<div class=\"elementor-container elementor-column-gap-wider\">\n\t\t\t\t\t<div class=\"elementor-column elementor-col-50 elementor-top-column elementor-element elementor-element-41a0568b\" data-id=\"41a0568b\" data-element_type=\"column\" data-e-type=\"column\">\n\t\t\t<div class=\"elementor-widget-wrap elementor-element-populated\">\n\t\t\t\t\t\t<section class=\"elementor-section elementor-inner-section elementor-element elementor-element-30ebc477 elementor-section-boxed elementor-section-height-default elementor-section-height-default\" data-id=\"30ebc477\" data-element_type=\"section\" data-e-type=\"section\">\n\t\t\t\t\t\t<div class=\"elementor-container elementor-column-gap-default\">\n\t\t\t\t\t<div class=\"elementor-column elementor-col-100 elementor-inner-column elementor-element elementor-element-46c9519e\" data-id=\"46c9519e\" data-element_type=\"column\" data-e-type=\"column\">\n\t\t\t<div class=\"elementor-widget-wrap elementor-element-populated\">\n\t\t\t\t\t\t<div class=\"elementor-element elementor-element-18d89e3 elementor-widget elementor-widget-heading\" data-id=\"18d89e3\" data-element_type=\"widget\" data-e-type=\"widget\" data-widget_type=\"heading.default\">\n\t\t\t\t<div class=\"elementor-widget-container\">\n\t\t\t\t\t<h1 class=\"elementor-heading-title elementor-size-default\">Bleibe auf dem Laufenden\nmit aktuellen\nInformationen von CELUM<\/h1>\t\t\t\t<\/div>\n\t\t\t\t<\/div>\n\t\t\t\t<div class=\"elementor-element elementor-element-7fe8f397 link--inherit-styles elementor-widget elementor-widget-text-editor\" data-id=\"7fe8f397\" data-element_type=\"widget\" data-e-type=\"widget\" data-widget_type=\"text-editor.default\">\n\t\t\t\t<div class=\"elementor-widget-container\">\n\t\t\t\t\t\t\t\t\t<p>Melde dich jetzt zu unserem regelm\u00e4\u00dfigen Newsletter an und verpasse keine Neuigkeiten mehr. Mit dem Newsletter bist du stets \u00fcber neue Produkte, Versionsupdates, Web-Trainings und Events informiert.<\/p>\t\t\t\t\t\t\t\t<\/div>\n\t\t\t\t<\/div>\n\t\t\t\t\t<\/div>\n\t\t<\/div>\n\t\t\t\t\t<\/div>\n\t\t<\/section>\n\t\t\t\t<section class=\"elementor-section elementor-inner-section elementor-element elementor-element-3331a9b0 elementor-hidden-phone elementor-section-boxed elementor-section-height-default elementor-section-height-default\" data-id=\"3331a9b0\" data-element_type=\"section\" data-e-type=\"section\">\n\t\t\t\t\t\t<div class=\"elementor-container elementor-column-gap-default\">\n\t\t\t\t\t<div class=\"elementor-column elementor-col-50 elementor-inner-column elementor-element elementor-element-1716fcd4\" data-id=\"1716fcd4\" data-element_type=\"column\" data-e-type=\"column\">\n\t\t\t<div class=\"elementor-widget-wrap elementor-element-populated\">\n\t\t\t\t\t\t<div class=\"elementor-element elementor-element-3614fffd elementor-absolute elementor-widget elementor-widget-image\" data-id=\"3614fffd\" data-element_type=\"widget\" data-e-type=\"widget\" data-settings=\"{&quot;_position&quot;:&quot;absolute&quot;}\" data-widget_type=\"image.default\">\n\t\t\t\t<div class=\"elementor-widget-container\">\n\t\t\t\t\t\t\t\t\t\t\t\t\t\t\t<img decoding=\"async\" width=\"1\" height=\"1\" src=\"https:\/\/www.celum.com\/de\/wp-content\/uploads\/sites\/3\/2021\/01\/polygon-2-1.svg\" class=\"attachment-large size-large wp-image-133\" alt=\"\" \/>\t\t\t\t\t\t\t\t\t\t\t\t\t\t\t<\/div>\n\t\t\t\t<\/div>\n\t\t\t\t\t<\/div>\n\t\t<\/div>\n\t\t\t\t<div class=\"elementor-column elementor-col-50 elementor-inner-column elementor-element elementor-element-69993905\" data-id=\"69993905\" data-element_type=\"column\" data-e-type=\"column\">\n\t\t\t<div class=\"elementor-widget-wrap elementor-element-populated\">\n\t\t\t\t\t\t<div class=\"elementor-element elementor-element-2da8dd1f elementor-widget elementor-widget-image\" data-id=\"2da8dd1f\" data-element_type=\"widget\" data-e-type=\"widget\" data-widget_type=\"image.default\">\n\t\t\t\t<div class=\"elementor-widget-container\">\n\t\t\t\t\t\t\t\t\t\t\t\t\t\t\t<img decoding=\"async\" width=\"1\" height=\"1\" src=\"https:\/\/www.celum.com\/de\/wp-content\/uploads\/sites\/3\/2021\/01\/polygon-2-1.svg\" class=\"attachment-large size-large wp-image-133\" alt=\"\" \/>\t\t\t\t\t\t\t\t\t\t\t\t\t\t\t<\/div>\n\t\t\t\t<\/div>\n\t\t\t\t\t<\/div>\n\t\t<\/div>\n\t\t\t\t\t<\/div>\n\t\t<\/section>\n\t\t\t\t\t<\/div>\n\t\t<\/div>\n\t\t\t\t<div class=\"elementor-column elementor-col-50 elementor-top-column elementor-element elementor-element-259a9b38\" data-id=\"259a9b38\" data-element_type=\"column\" data-e-type=\"column\">\n\t\t\t<div class=\"elementor-widget-wrap elementor-element-populated\">\n\t\t\t\t\t\t<div class=\"elementor-element elementor-element-79c12246 elementor-widget elementor-widget-html\" data-id=\"79c12246\" data-element_type=\"widget\" data-e-type=\"widget\" data-widget_type=\"html.default\">\n\t\t\t\t<div class=\"elementor-widget-container\">\n\t\t\t\t\t<!--[if lte IE 8]>\r\n<script charset=\"utf-8\" type=\"text\/javascript\" src=\"\/\/js.hsforms.net\/forms\/v2-legacy.js\"><\/script>\r\n<![endif]-->\r\n<script charset=\"utf-8\" type=\"text\/javascript\" src=\"\/\/js.hsforms.net\/forms\/v2.js\"><\/script>\r\n<script>\r\n  hbspt.forms.create({\r\n\tregion: \"na1\",\r\n\tportalId: \"5064577\",\r\n\tformId: \"0724c558-5bc5-4e84-adaa-71b5e401ea17\"\r\n});\r\n<\/script>\t\t\t\t<\/div>\n\t\t\t\t<\/div>\n\t\t\t\t\t<\/div>\n\t\t<\/div>\n\t\t\t\t\t<\/div>\n\t\t<\/section>\n\t\t\t\t<\/div>\n\t\t","protected":false},"excerpt":{"rendered":"<p>Jetzt anmelden! Bleibe auf dem Laufenden mit aktuellen Informationen von CELUM Melde dich jetzt zu unserem regelm\u00e4\u00dfigen Newsletter an und verpasse keine Neuigkeiten mehr. Mit dem Newsletter bist du stets \u00fcber neue Produkte, Versionsupdates, Web-Trainings und Events informiert.<\/p>\n","protected":false},"author":13,"featured_media":1231,"parent":0,"menu_order":0,"comment_status":"closed","ping_status":"closed","template":"","meta":{"_acf_changed":false,"inline_featured_image":false,"footnotes":""},"folder":[],"class_list":["post-5470","page","type-page","status-publish","has-post-thumbnail","hentry"],"yoast_head":"<!-- This site is optimized with the Yoast SEO Premium plugin v24.6 (Yoast SEO v27.2) - https:\/\/yoast.com\/product\/yoast-seo-premium-wordpress\/ -->\n<title>Subscribe to the CELUM Newsletter<\/title>\n<meta name=\"description\" content=\"Stay up-to-date with our manually curated insights from the intersection of marketing, content experience and team collaboration.\" \/>\n<meta name=\"robots\" content=\"index, follow, max-snippet:-1, max-image-preview:large, max-video-preview:-1\" \/>\n<link rel=\"canonical\" href=\"https:\/\/www.celum.com\/de\/newsletter\/\" \/>\n<meta property=\"og:locale\" content=\"de_DE\" \/>\n<meta property=\"og:type\" content=\"article\" \/>\n<meta property=\"og:title\" content=\"Newsletter\" \/>\n<meta property=\"og:description\" content=\"Stay up-to-date with our manually curated insights from the intersection of marketing, content experience and team collaboration.\" \/>\n<meta property=\"og:url\" content=\"https:\/\/www.celum.com\/de\/newsletter\/\" \/>\n<meta property=\"og:site_name\" content=\"Celum\" \/>\n<meta property=\"article:publisher\" content=\"https:\/\/www.facebook.com\/celumcorporate\/\" \/>\n<meta property=\"article:modified_time\" content=\"2025-07-30T11:44:10+00:00\" \/>\n<meta property=\"og:image\" content=\"https:\/\/www.celum.com\/de\/wp-content\/uploads\/sites\/3\/2021\/02\/CELUMIUM_17_10_2018_384.jpg\" \/>\n\t<meta property=\"og:image:width\" content=\"5760\" \/>\n\t<meta property=\"og:image:height\" content=\"3840\" \/>\n\t<meta property=\"og:image:type\" content=\"image\/jpeg\" \/>\n<meta name=\"twitter:card\" content=\"summary_large_image\" \/>\n<meta name=\"twitter:site\" content=\"@CELUM\" \/>\n<meta name=\"twitter:label1\" content=\"Gesch\u00e4tzte Lesezeit\" \/>\n\t<meta name=\"twitter:data1\" content=\"1\u00a0Minute\" \/>\n<script type=\"application\/ld+json\" class=\"yoast-schema-graph\">{\"@context\":\"https:\/\/schema.org\",\"@graph\":[{\"@type\":\"WebPage\",\"@id\":\"https:\/\/www.celum.com\/de\/newsletter\/\",\"url\":\"https:\/\/www.celum.com\/de\/newsletter\/\",\"name\":\"Subscribe to the CELUM Newsletter\",\"isPartOf\":{\"@id\":\"https:\/\/www.celum.com\/de\/#website\"},\"primaryImageOfPage\":{\"@id\":\"https:\/\/www.celum.com\/de\/newsletter\/#primaryimage\"},\"image\":{\"@id\":\"https:\/\/www.celum.com\/de\/newsletter\/#primaryimage\"},\"thumbnailUrl\":\"https:\/\/www.celum.com\/de\/wp-content\/uploads\/sites\/3\/2021\/02\/CELUMIUM_17_10_2018_384.jpg\",\"datePublished\":\"2021-03-23T14:06:02+00:00\",\"dateModified\":\"2025-07-30T11:44:10+00:00\",\"description\":\"Stay up-to-date with our manually curated insights from the intersection of marketing, content experience and team collaboration.\",\"inLanguage\":\"de\",\"potentialAction\":[{\"@type\":\"ReadAction\",\"target\":[\"https:\/\/www.celum.com\/de\/newsletter\/\"]}]},{\"@type\":\"ImageObject\",\"inLanguage\":\"de\",\"@id\":\"https:\/\/www.celum.com\/de\/newsletter\/#primaryimage\",\"url\":\"https:\/\/www.celum.com\/de\/wp-content\/uploads\/sites\/3\/2021\/02\/CELUMIUM_17_10_2018_384.jpg\",\"contentUrl\":\"https:\/\/www.celum.com\/de\/wp-content\/uploads\/sites\/3\/2021\/02\/CELUMIUM_17_10_2018_384.jpg\",\"width\":5760,\"height\":3840,\"caption\":\"Das CELUM C fotografiert im Headquarter in Linz\"},{\"@type\":\"WebSite\",\"@id\":\"https:\/\/www.celum.com\/de\/#website\",\"url\":\"https:\/\/www.celum.com\/de\/\",\"name\":\"CELUM\",\"description\":\"Make Brands. Sell Products.\",\"publisher\":{\"@id\":\"https:\/\/www.celum.com\/de\/#organization\"},\"potentialAction\":[{\"@type\":\"SearchAction\",\"target\":{\"@type\":\"EntryPoint\",\"urlTemplate\":\"https:\/\/www.celum.com\/de\/?s={search_term_string}\"},\"query-input\":{\"@type\":\"PropertyValueSpecification\",\"valueRequired\":true,\"valueName\":\"search_term_string\"}}],\"inLanguage\":\"de\"},{\"@type\":\"Organization\",\"@id\":\"https:\/\/www.celum.com\/de\/#organization\",\"name\":\"CELUM\",\"url\":\"https:\/\/www.celum.com\/de\/\",\"logo\":{\"@type\":\"ImageObject\",\"inLanguage\":\"de\",\"@id\":\"https:\/\/www.celum.com\/de\/#\/schema\/logo\/image\/\",\"url\":\"https:\/\/www.celum.com\/de\/wp-content\/uploads\/sites\/3\/2021\/01\/celum-header-logo.svg\",\"contentUrl\":\"https:\/\/www.celum.com\/de\/wp-content\/uploads\/sites\/3\/2021\/01\/celum-header-logo.svg\",\"width\":1,\"height\":1,\"caption\":\"CELUM\"},\"image\":{\"@id\":\"https:\/\/www.celum.com\/de\/#\/schema\/logo\/image\/\"},\"sameAs\":[\"https:\/\/www.facebook.com\/celumcorporate\/\",\"https:\/\/x.com\/CELUM\",\"https:\/\/www.instagram.com\/celum_life\/\",\"https:\/\/www.linkedin.com\/company\/328144\/\",\"https:\/\/www.youtube.com\/user\/celumTV\/\"]}]}<\/script>\n<!-- \/ Yoast SEO Premium plugin. -->","yoast_head_json":{"title":"Subscribe to the CELUM Newsletter","description":"Stay up-to-date with our manually curated insights from the intersection of marketing, content experience and team collaboration.","robots":{"index":"index","follow":"follow","max-snippet":"max-snippet:-1","max-image-preview":"max-image-preview:large","max-video-preview":"max-video-preview:-1"},"canonical":"https:\/\/www.celum.com\/de\/newsletter\/","og_locale":"de_DE","og_type":"article","og_title":"Newsletter","og_description":"Stay up-to-date with our manually curated insights from the intersection of marketing, content experience and team collaboration.","og_url":"https:\/\/www.celum.com\/de\/newsletter\/","og_site_name":"Celum","article_publisher":"https:\/\/www.facebook.com\/celumcorporate\/","article_modified_time":"2025-07-30T11:44:10+00:00","og_image":[{"width":5760,"height":3840,"type":"image\/jpeg","url":"https:\/\/www.celum.com\/de\/wp-content\/uploads\/sites\/3\/2021\/02\/CELUMIUM_17_10_2018_384.jpg"}],"twitter_card":"summary_large_image","twitter_site":"@CELUM","twitter_misc":{"Gesch\u00e4tzte Lesezeit":"1\u00a0Minute"},"schema":{"@context":"https:\/\/schema.org","@graph":[{"@type":"WebPage","@id":"https:\/\/www.celum.com\/de\/newsletter\/","url":"https:\/\/www.celum.com\/de\/newsletter\/","name":"Subscribe to the CELUM Newsletter","isPartOf":{"@id":"https:\/\/www.celum.com\/de\/#website"},"primaryImageOfPage":{"@id":"https:\/\/www.celum.com\/de\/newsletter\/#primaryimage"},"image":{"@id":"https:\/\/www.celum.com\/de\/newsletter\/#primaryimage"},"thumbnailUrl":"https:\/\/www.celum.com\/de\/wp-content\/uploads\/sites\/3\/2021\/02\/CELUMIUM_17_10_2018_384.jpg","datePublished":"2021-03-23T14:06:02+00:00","dateModified":"2025-07-30T11:44:10+00:00","description":"Stay up-to-date with our manually curated insights from the intersection of marketing, content experience and team collaboration.","inLanguage":"de","potentialAction":[{"@type":"ReadAction","target":["https:\/\/www.celum.com\/de\/newsletter\/"]}]},{"@type":"ImageObject","inLanguage":"de","@id":"https:\/\/www.celum.com\/de\/newsletter\/#primaryimage","url":"https:\/\/www.celum.com\/de\/wp-content\/uploads\/sites\/3\/2021\/02\/CELUMIUM_17_10_2018_384.jpg","contentUrl":"https:\/\/www.celum.com\/de\/wp-content\/uploads\/sites\/3\/2021\/02\/CELUMIUM_17_10_2018_384.jpg","width":5760,"height":3840,"caption":"Das CELUM C fotografiert im Headquarter in Linz"},{"@type":"WebSite","@id":"https:\/\/www.celum.com\/de\/#website","url":"https:\/\/www.celum.com\/de\/","name":"CELUM","description":"Make Brands. Sell Products.","publisher":{"@id":"https:\/\/www.celum.com\/de\/#organization"},"potentialAction":[{"@type":"SearchAction","target":{"@type":"EntryPoint","urlTemplate":"https:\/\/www.celum.com\/de\/?s={search_term_string}"},"query-input":{"@type":"PropertyValueSpecification","valueRequired":true,"valueName":"search_term_string"}}],"inLanguage":"de"},{"@type":"Organization","@id":"https:\/\/www.celum.com\/de\/#organization","name":"CELUM","url":"https:\/\/www.celum.com\/de\/","logo":{"@type":"ImageObject","inLanguage":"de","@id":"https:\/\/www.celum.com\/de\/#\/schema\/logo\/image\/","url":"https:\/\/www.celum.com\/de\/wp-content\/uploads\/sites\/3\/2021\/01\/celum-header-logo.svg","contentUrl":"https:\/\/www.celum.com\/de\/wp-content\/uploads\/sites\/3\/2021\/01\/celum-header-logo.svg","width":1,"height":1,"caption":"CELUM"},"image":{"@id":"https:\/\/www.celum.com\/de\/#\/schema\/logo\/image\/"},"sameAs":["https:\/\/www.facebook.com\/celumcorporate\/","https:\/\/x.com\/CELUM","https:\/\/www.instagram.com\/celum_life\/","https:\/\/www.linkedin.com\/company\/328144\/","https:\/\/www.youtube.com\/user\/celumTV\/"]}]}},"acf":[],"_links":{"self":[{"href":"https:\/\/www.celum.com\/de\/wp-json\/wp\/v2\/pages\/5470","targetHints":{"allow":["GET"]}}],"collection":[{"href":"https:\/\/www.celum.com\/de\/wp-json\/wp\/v2\/pages"}],"about":[{"href":"https:\/\/www.celum.com\/de\/wp-json\/wp\/v2\/types\/page"}],"author":[{"embeddable":true,"href":"https:\/\/www.celum.com\/de\/wp-json\/wp\/v2\/users\/13"}],"replies":[{"embeddable":true,"href":"https:\/\/www.celum.com\/de\/wp-json\/wp\/v2\/comments?post=5470"}],"version-history":[{"count":12,"href":"https:\/\/www.celum.com\/de\/wp-json\/wp\/v2\/pages\/5470\/revisions"}],"predecessor-version":[{"id":35902,"href":"https:\/\/www.celum.com\/de\/wp-json\/wp\/v2\/pages\/5470\/revisions\/35902"}],"wp:featuredmedia":[{"embeddable":true,"href":"https:\/\/www.celum.com\/de\/wp-json\/wp\/v2\/media\/1231"}],"wp:attachment":[{"href":"https:\/\/www.celum.com\/de\/wp-json\/wp\/v2\/media?parent=5470"}],"wp:term":[{"taxonomy":"folder","embeddable":true,"href":"https:\/\/www.celum.com\/de\/wp-json\/wp\/v2\/folder?post=5470"}],"curies":[{"name":"wp","href":"https:\/\/api.w.org\/{rel}","templated":true}]}}